{"id":3110,"date":"2023-12-17T12:37:33","date_gmt":"2023-12-17T11:37:33","guid":{"rendered":"https:\/\/foreign-markets.eu\/su-equipo-en-alemania\/"},"modified":"2024-06-26T07:46:09","modified_gmt":"2024-06-26T05:46:09","slug":"su-equipo-en-alemania","status":"publish","type":"page","link":"https:\/\/foreign-markets.eu\/es\/su-equipo-en-alemania\/","title":{"rendered":"Su equipo en Alemania"},"content":{"rendered":"\n<div class=\"wp-block-uagb-container uagb-block-940ab869 alignfull uagb-is-root-container\"><div class=\"uagb-container-inner-blocks-wrap\">\n<div class=\"wp-block-uagb-image aligncenter uagb-block-60e21f3d wp-block-uagb-image--layout-default wp-block-uagb-image--effect-static wp-block-uagb-image--align-center\"><figure class=\"wp-block-uagb-image__figure\"><img decoding=\"async\" srcset=\"https:\/\/foreign-markets.eu\/wp-content\/uploads\/your-team-in-germany-foreign-markets.jpg ,https:\/\/foreign-markets.eu\/wp-content\/uploads\/your-team-in-germany-foreign-markets.jpg 780w, https:\/\/foreign-markets.eu\/wp-content\/uploads\/your-team-in-germany-foreign-markets.jpg 360w\" sizes=\"auto, (max-width: 480px) 150px\" src=\"https:\/\/foreign-markets.eu\/wp-content\/uploads\/your-team-in-germany-foreign-markets.jpg\" alt=\"\" class=\"uag-image-2651\" width=\"1200\" height=\"500\" title=\"\" loading=\"lazy\" role=\"img\"\/><\/figure><\/div>\r\n\n\n\n<div class=\"wp-block-uagb-container uagb-block-49dba531\">\n<h1 class=\"wp-block-heading has-text-align-center\">Su equipo de marketing y ventas en Alemania<\/h1>\n\n\n\n<p class=\"has-text-align-center\">Somos un grupo de profesionales experimentados y dedicados que pueden ayudarle a establecer y hacer crecer su negocio en Alemania. Tanto si necesita una oficina virtual, una campa\u00f1a de marketing, una gesti\u00f3n de ventas completa o simplemente una llamada telef\u00f3nica r\u00e1pida en alem\u00e1n, tenemos la soluci\u00f3n adecuada para usted.<\/p>\n<\/div>\n<\/div><\/div>\n\n<div style=\"height:55px\" aria-hidden=\"true\" class=\"wp-block-spacer\"><\/div>\n\n<div class=\"wp-block-uagb-container uagb-block-5e5c4f5e alignfull uagb-is-root-container\"><div class=\"uagb-container-inner-blocks-wrap\">\n<h2 class=\"wp-block-heading has-text-align-center\" style=\"font-size:clamp(20px, 1.25rem + ((1vw - 3.2px) * 0.938), 32px);\">C\u00f3mo podemos ayudarle a tener \u00e9xito: Nuestros paquetes de servicios<\/h2>\n\n\n\n<p class=\"has-text-align-center\">Nuestros paquetes de servicios est\u00e1n dise\u00f1ados para satisfacer sus necesidades y objetivos espec\u00edficos. Aqu\u00ed un breve resumen de lo que ofrecemos:<\/p>\n<\/div><\/div>\n\n<div class=\"wp-block-uagb-container uagb-block-57bd42f5 alignfull uagb-is-root-container\"><div class=\"uagb-container-inner-blocks-wrap\">\n<div class=\"wp-block-media-text is-stacked-on-mobile\" style=\"grid-template-columns:15% auto\"><figure class=\"wp-block-media-text__media\"><a href=\"https:\/\/foreign-markets.eu\/es\/su-equipo-en-alemania\/fundacion-i-oficina-presencia-alemania\/\"><img loading=\"lazy\" decoding=\"async\" width=\"1024\" height=\"427\" src=\"https:\/\/foreign-markets.eu\/wp-content\/uploads\/\/foundation-passive-office-foreign-markets-1024x427.jpg\" alt=\"\" class=\"wp-image-2628 size-full\" srcset=\"https:\/\/foreign-markets.eu\/wp-content\/uploads\/foundation-passive-office-foreign-markets-1024x427.jpg 1024w, https:\/\/foreign-markets.eu\/wp-content\/uploads\/foundation-passive-office-foreign-markets-300x125.jpg 300w, https:\/\/foreign-markets.eu\/wp-content\/uploads\/foundation-passive-office-foreign-markets-768x320.jpg 768w, https:\/\/foreign-markets.eu\/wp-content\/uploads\/foundation-passive-office-foreign-markets.jpg 1200w\" sizes=\"auto, (max-width: 1024px) 100vw, 1024px\" \/><\/a><\/figure><div class=\"wp-block-media-text__content\">\n<div class=\"wp-block-uagb-call-to-action uagb-block-f7f6315c wp-block-button\"><div class=\"uagb-cta__wrap\"><h3 class=\"uagb-cta__title\"><a href=\"https:\/\/foreign-markets.eu\/es\/su-equipo-en-alemania\/fundacion-i-oficina-presencia-alemania\/\">Fundaci\u00f3n I: Presencia de oficina Alemania<\/a><\/h3><p class=\"uagb-cta__desc\">Este paquete es ideal para las empresas que quieren sondear el mercado alem\u00e1n con un riesgo y una inversi\u00f3n m\u00ednimo. Adem\u00e1s de una p\u00e1gina web en alem\u00e1n, obtendr\u00e1 una direcci\u00f3n postal, un n\u00famero de tel\u00e9fono +49 local al que responderemos en horario comercial y una direcci\u00f3n de correo electr\u00f3nico independiente para nuestra correspondencia en alem\u00e1n en su nombre. Una vez establecida esta <a href=\"https:\/\/foreign-markets.eu\/es\/su-equipo-en-alemania\/entrada-en-el-mercado-aleman\/\" data-type=\"page\" data-id=\"2472\">Fundaci\u00f3n I<\/a>, pueden adoptarse <a href=\"https:\/\/foreign-markets.eu\/es\/le-ofrecemos\/#leadgeneration\">medidas de generaci\u00f3n de prospectos<\/a> precisas.<\/p><\/div><div class=\"uagb-cta__buttons\"><a href=\"https:\/\/foreign-markets.eu\/es\/su-equipo-en-alemania\/fundacion-i-oficina-presencia-alemania\/\" class=\"uagb-cta__button-link-wrapper wp-block-button__link\" target=\"_self\" rel=\"noopener noreferrer\">Leer m\u00e1s<\/a><\/div><\/div>\n<\/div><\/div>\n\n\n\n<div style=\"height:20px\" aria-hidden=\"true\" class=\"wp-block-spacer\"><\/div>\n\n\n\n<div class=\"wp-block-media-text is-stacked-on-mobile\" style=\"grid-template-columns:15% auto\"><figure class=\"wp-block-media-text__media\"><a href=\"https:\/\/foreign-markets.eu\/es\/su-equipo-en-alemania\/entrada-en-el-mercado-aleman\/\"><img loading=\"lazy\" decoding=\"async\" width=\"1024\" height=\"427\" src=\"https:\/\/foreign-markets.eu\/wp-content\/uploads\/\/market-entry-package-germany-foreign-markets-1024x427.jpeg\" alt=\"\" class=\"wp-image-2694 size-full\" srcset=\"https:\/\/foreign-markets.eu\/wp-content\/uploads\/market-entry-package-germany-foreign-markets-1024x427.jpeg 1024w, https:\/\/foreign-markets.eu\/wp-content\/uploads\/market-entry-package-germany-foreign-markets-300x125.jpeg 300w, https:\/\/foreign-markets.eu\/wp-content\/uploads\/market-entry-package-germany-foreign-markets-768x320.jpeg 768w, https:\/\/foreign-markets.eu\/wp-content\/uploads\/market-entry-package-germany-foreign-markets.jpeg 1200w\" sizes=\"auto, (max-width: 1024px) 100vw, 1024px\" \/><\/a><\/figure><div class=\"wp-block-media-text__content\">\n<div class=\"wp-block-uagb-call-to-action uagb-block-5c5fff17 wp-block-button\"><div class=\"uagb-cta__wrap\"><h3 class=\"uagb-cta__title\"><a href=\"https:\/\/foreign-markets.eu\/es\/su-equipo-en-alemania\/entrada-en-el-mercado-aleman\/\">Prueba-de-Concepto: Paquete de entrada en el mercado alem\u00e1n<\/a><\/h3><p class=\"uagb-cta__desc\">Le ofrecemos un enfoque paso a paso, controlado y hecho a medida, para lanzar y hacer crecer su negocio en Alemania: durante un periodo de tiempo definido, nos ponemos en contacto en su nombre con participantes relevantes del mercado e intentamos obtener el m\u00e1ximo feedback posible del mercado. Esta <a href=\"https:\/\/foreign-markets.eu\/es\/su-equipo-en-alemania\/entrada-en-el-mercado-aleman\/\" data-type=\"page\" data-id=\"2579\">prueba de concepto<\/a> le permitir\u00e1 establecer sus primeros contactos tangibles en Alemania y la informaci\u00f3n que obtenga le proporcionar\u00e1 una base de decisi\u00f3n mucho m\u00e1s fiable para los <a href=\"https:\/\/foreign-markets.eu\/es\/le-ofrecemos\/\" data-type=\"page\" data-id=\"2421\">siguientes pasos<\/a>.<\/p><\/div><div class=\"uagb-cta__buttons\"><a href=\"https:\/\/foreign-markets.eu\/es\/su-equipo-en-alemania\/entrada-en-el-mercado-aleman\/\" class=\"uagb-cta__button-link-wrapper wp-block-button__link\" target=\"_self\" rel=\"noopener noreferrer\">Leer m\u00e1s<\/a><\/div><\/div>\n<\/div><\/div>\n<\/div><\/div>\n\n<p class=\"has-text-align-center\">Si desea una descripci\u00f3n m\u00e1s detallada de nuestra gama completa de actividades de ventas y marketing, visite la p\u00e1gina <a href=\"https:\/\/foreign-markets.eu\/es\/le-ofrecemos\/\">Le ofrecemos<\/a><\/p>\n\n<div style=\"height:41px\" aria-hidden=\"true\" class=\"wp-block-spacer\"><\/div>\n\n<div class=\"wp-block-uagb-container uagb-block-f3b5d626 alignfull uagb-is-root-container\"><div class=\"uagb-container-inner-blocks-wrap\">\n<div class=\"wp-block-uagb-container uagb-block-0832b71a\">\n<div class=\"wp-block-uagb-container uagb-block-a61307ae\">\n<div class=\"wp-block-uagb-info-box uagb-block-674fb749 uagb-infobox__content-wrap  uagb-infobox-icon-above-title uagb-infobox-image-valign-top\"><div class=\"uagb-ifb-content\"><div class=\"uagb-ifb-title-wrap\"><h2 class=\"uagb-ifb-title\">Inicie su negocio alem\u00e1n con nosotros<\/h2><\/div><p class=\"uagb-ifb-desc\">P\u00f3ngase en contacto con nosotros hoy mismo y perm\u00edtanos ayudarle a alcanzar sus objetivos de entrada en el mercado alem\u00e1n.  <br\/><br\/>Esperamos tener noticias suyas pronto.<\/p><div class=\"uagb-ifb-button-wrapper wp-block-button\"><a href=\"\/es\/#contact\" class=\"uagb-infobox-cta-link wp-block-button__link\" target=\"_self\" rel=\"noopener noreferrer\" onclick=\"return true;\" alt=\"\"><span class=\"uagb-inline-editing\">Empiece hoy mismo<\/span><\/a><\/div><\/div><\/div>\n<\/div>\n<\/div>\n<\/div><\/div>\n","protected":false},"excerpt":{"rendered":"<p>Su equipo de marketing y ventas en Alemania Somos un grupo de profesionales experimentados y dedicados que pueden ayudarle a establecer y hacer crecer su negocio en Alemania. Tanto si necesita una oficina virtual, una campa\u00f1a de marketing, una gesti\u00f3n de ventas completa o simplemente una llamada telef\u00f3nica r\u00e1pida en alem\u00e1n, tenemos la soluci\u00f3n adecuada [&hellip;]<\/p>\n","protected":false},"author":2,"featured_media":0,"parent":0,"menu_order":100,"comment_status":"closed","ping_status":"closed","template":"","meta":{"_seopress_robots_primary_cat":"","_seopress_titles_title":"Su equipo en Alemania - Foreign Markets","_seopress_titles_desc":"Su equipo de oficina en Alemania: Soluciones de oficina profesionales y flexibles para su entrada en el mercado alem\u00e1n. \u27a1\ufe0f P\u00f3ngase en contacto con nosotros hoy mismo y obtenga una consulta gratuita.","_seopress_robots_index":"","_uag_custom_page_level_css":"","footnotes":""},"class_list":["post-3110","page","type-page","status-publish","hentry"],"blocksy_meta":[],"uagb_featured_image_src":{"full":false,"thumbnail":false,"medium":false,"medium_large":false,"large":false,"1536x1536":false,"2048x2048":false},"uagb_author_info":{"display_name":"SRC00","author_link":"https:\/\/foreign-markets.eu\/es\/author\/src00\/"},"uagb_comment_info":0,"uagb_excerpt":"Su equipo de marketing y ventas en Alemania Somos un grupo de profesionales experimentados y dedicados que pueden ayudarle a establecer y hacer crecer su negocio en Alemania. Tanto si necesita una oficina virtual, una campa\u00f1a de marketing, una gesti\u00f3n de ventas completa o simplemente una llamada telef\u00f3nica r\u00e1pida en alem\u00e1n, tenemos la soluci\u00f3n adecuada&hellip;","_links":{"self":[{"href":"https:\/\/foreign-markets.eu\/es\/wp-json\/wp\/v2\/pages\/3110","targetHints":{"allow":["GET"]}}],"collection":[{"href":"https:\/\/foreign-markets.eu\/es\/wp-json\/wp\/v2\/pages"}],"about":[{"href":"https:\/\/foreign-markets.eu\/es\/wp-json\/wp\/v2\/types\/page"}],"author":[{"embeddable":true,"href":"https:\/\/foreign-markets.eu\/es\/wp-json\/wp\/v2\/users\/2"}],"replies":[{"embeddable":true,"href":"https:\/\/foreign-markets.eu\/es\/wp-json\/wp\/v2\/comments?post=3110"}],"version-history":[{"count":19,"href":"https:\/\/foreign-markets.eu\/es\/wp-json\/wp\/v2\/pages\/3110\/revisions"}],"predecessor-version":[{"id":3539,"href":"https:\/\/foreign-markets.eu\/es\/wp-json\/wp\/v2\/pages\/3110\/revisions\/3539"}],"wp:attachment":[{"href":"https:\/\/foreign-markets.eu\/es\/wp-json\/wp\/v2\/media?parent=3110"}],"curies":[{"name":"wp","href":"https:\/\/api.w.org\/{rel}","templated":true}]}}