{"id":3115,"date":"2023-09-21T05:38:44","date_gmt":"2023-09-21T03:38:44","guid":{"rendered":"https:\/\/foreign-markets.eu\/pie-de-imprenta\/"},"modified":"2024-04-12T00:56:11","modified_gmt":"2024-04-11T22:56:11","slug":"pie-de-imprenta","status":"publish","type":"page","link":"https:\/\/foreign-markets.eu\/es\/pie-de-imprenta\/","title":{"rendered":"Pie de imprenta"},"content":{"rendered":"\n<p><strong>Proveedor de servicios<\/strong><\/p>\n\n<p>SRC &#8211; Sales Readiness Consulting GmbH<br\/>Karneidplatz 32<br\/>81547 M\u00fanich<br\/>Alemania<\/p>\n\n<p><strong>P\u00f3ngase en contacto con<\/strong><\/p>\n\n<p>Direcci\u00f3n de correo electr\u00f3nico: info@sales-readiness.de<br\/>Tel: +49-8442-9231500<\/p>\n\n<p><strong>Representantes autorizados<\/strong><\/p>\n\n<p><strong>Autorizado para representar: <\/strong>Alexander Fischer (Director General)<\/p>\n\n<p><strong>Datos de la empresa<\/strong><\/p>\n\n<p>N\u00famero de identificaci\u00f3n a efectos del impuesto sobre el valor a\u00f1adido (NIF IVA): DE 360 337 034<\/p>\n\n<p><strong>Registro y n\u00famero de registro<\/strong><\/p>\n\n<p><strong>Registro mercantil:<\/strong> Amtsgericht M\u00fcnchen<br\/><strong>N\u00famero: <\/strong>HRB 282094<\/p>\n\n<p><strong>Detalles del seguro de responsabilidad profesional de conformidad con el \u00a7 2 P\u00e1rr. 1 N\u00ba 11 DL-InfoV<\/strong><\/p>\n\n<p><strong>Nombre y direcci\u00f3n del asegurador:<\/strong><br\/>R+V Allgemeine Versicherung AG<br\/>Camino Mittlerer 24<br\/>70499 Stuttgart<\/p>\n\n<p><strong>Cr\u00e9ditos de las im\u00e1genes<\/strong><\/p>\n\n<p><strong>Fuentes de las im\u00e1genes e informaci\u00f3n sobre derechos de autor:<\/strong><\/p>\n\n<p>https:\/\/stock.adobe.com\/<\/p>\n\n<div style=\"height:10px\" aria-hidden=\"true\" class=\"wp-block-spacer\"><\/div>\n","protected":false},"excerpt":{"rendered":"<p>Proveedor de servicios SRC &#8211; Sales Readiness Consulting GmbHKarneidplatz 3281547 M\u00fanichAlemania P\u00f3ngase en contacto con Direcci\u00f3n de correo electr\u00f3nico: info@sales-readiness.deTel: +49-8442-9231500 Representantes autorizados Autorizado para representar: Alexander Fischer (Director General) Datos de la empresa N\u00famero de identificaci\u00f3n a efectos del impuesto sobre el valor a\u00f1adido (NIF IVA): DE 360 337 034 Registro y n\u00famero de [&hellip;]<\/p>\n","protected":false},"author":1,"featured_media":0,"parent":0,"menu_order":700,"comment_status":"closed","ping_status":"closed","template":"","meta":{"_seopress_robots_primary_cat":"","_seopress_titles_title":"Pie de imprenta - Foreign-Markets","_seopress_titles_desc":"","_seopress_robots_index":"s\u00ed","_uag_custom_page_level_css":"","footnotes":""},"class_list":["post-3115","page","type-page","status-publish","hentry"],"blocksy_meta":[],"uagb_featured_image_src":{"full":false,"thumbnail":false,"medium":false,"medium_large":false,"large":false,"1536x1536":false,"2048x2048":false},"uagb_author_info":{"display_name":"admin","author_link":"https:\/\/foreign-markets.eu\/es\/author\/admin\/"},"uagb_comment_info":0,"uagb_excerpt":"Proveedor de servicios SRC &#8211; Sales Readiness Consulting GmbHKarneidplatz 3281547 M\u00fanichAlemania P\u00f3ngase en contacto con Direcci\u00f3n de correo electr\u00f3nico: info@sales-readiness.deTel: +49-8442-9231500 Representantes autorizados Autorizado para representar: Alexander Fischer (Director General) Datos de la empresa N\u00famero de identificaci\u00f3n a efectos del impuesto sobre el valor a\u00f1adido (NIF IVA): DE 360 337 034 Registro y n\u00famero de&hellip;","_links":{"self":[{"href":"https:\/\/foreign-markets.eu\/es\/wp-json\/wp\/v2\/pages\/3115","targetHints":{"allow":["GET"]}}],"collection":[{"href":"https:\/\/foreign-markets.eu\/es\/wp-json\/wp\/v2\/pages"}],"about":[{"href":"https:\/\/foreign-markets.eu\/es\/wp-json\/wp\/v2\/types\/page"}],"author":[{"embeddable":true,"href":"https:\/\/foreign-markets.eu\/es\/wp-json\/wp\/v2\/users\/1"}],"replies":[{"embeddable":true,"href":"https:\/\/foreign-markets.eu\/es\/wp-json\/wp\/v2\/comments?post=3115"}],"version-history":[{"count":4,"href":"https:\/\/foreign-markets.eu\/es\/wp-json\/wp\/v2\/pages\/3115\/revisions"}],"predecessor-version":[{"id":3133,"href":"https:\/\/foreign-markets.eu\/es\/wp-json\/wp\/v2\/pages\/3115\/revisions\/3133"}],"wp:attachment":[{"href":"https:\/\/foreign-markets.eu\/es\/wp-json\/wp\/v2\/media?parent=3115"}],"curies":[{"name":"wp","href":"https:\/\/api.w.org\/{rel}","templated":true}]}}