{"id":3116,"date":"2023-12-17T13:02:39","date_gmt":"2023-12-17T12:02:39","guid":{"rendered":"https:\/\/foreign-markets.eu\/su-equipo-en-alemania\/entrada-en-el-mercado-aleman\/"},"modified":"2024-06-14T10:50:09","modified_gmt":"2024-06-14T08:50:09","slug":"entrada-en-el-mercado-aleman","status":"publish","type":"page","link":"https:\/\/foreign-markets.eu\/es\/su-equipo-en-alemania\/entrada-en-el-mercado-aleman\/","title":{"rendered":"Entrada en el mercado alem\u00e1n"},"content":{"rendered":"\n<div class=\"wp-block-uagb-container uagb-block-940ab869 alignfull uagb-is-root-container\"><div class=\"uagb-container-inner-blocks-wrap\">\n<div class=\"wp-block-uagb-image aligncenter uagb-block-60e21f3d wp-block-uagb-image--layout-default wp-block-uagb-image--effect-static wp-block-uagb-image--align-center\"><figure class=\"wp-block-uagb-image__figure\"><img decoding=\"async\" srcset=\"https:\/\/foreign-markets.eu\/wp-content\/uploads\/market-entry-package-germany-foreign-markets.jpeg ,https:\/\/foreign-markets.eu\/wp-content\/uploads\/market-entry-package-germany-foreign-markets.jpeg 780w, https:\/\/foreign-markets.eu\/wp-content\/uploads\/market-entry-package-germany-foreign-markets.jpeg 360w\" sizes=\"auto, (max-width: 480px) 150px\" src=\"https:\/\/foreign-markets.eu\/wp-content\/uploads\/market-entry-package-germany-foreign-markets.jpeg\" alt=\"\" class=\"uag-image-2694\" width=\"1200\" height=\"500\" title=\"\" loading=\"lazy\"\/><\/figure><\/div>\n\n\n\n<div class=\"wp-block-uagb-container uagb-block-49dba531\">\n<h1 class=\"wp-block-heading has-text-align-center\" style=\"font-style:normal;font-weight:700\"><strong>Nuestro enfoque pragm\u00e1tico para su entrada en el mercado alem\u00e1n<\/strong><\/h1>\n\n\n\n<p>Nuestro <strong>paquete de entrada en el mercado alem\u00e1n<\/strong> es un enfoque personalizado que le ayudar\u00e1 a lanzar y hacer crecer su negocio en Alemania paso a paso. Una vez acordado el objetivo general, realizamos una Proof-of-Concept durante un par de meses, que no s\u00f3lo le proporcionar\u00e1 una base s\u00f3lida para futuras decisiones, sino que tambi\u00e9n puede darle ya valiosos primeros contactos comerciales en Alemania.<\/p>\n\n\n\n<div class=\"wp-block-buttons is-content-justification-center is-layout-flex wp-container-core-buttons-is-layout-a89b3969 wp-block-buttons-is-layout-flex\">\n<div class=\"wp-block-button\"><a class=\"wp-block-button__link wp-element-button\" href=\"\/es\/#contact\">P\u00f3ngase en contacto con nosotros<\/a><\/div>\n<\/div>\n<\/div>\n<\/div><\/div>\n\n<div class=\"wp-block-uagb-container uagb-block-ba84ad17 alignfull uagb-is-root-container\"><div class=\"uagb-container-inner-blocks-wrap\">\n<h2 class=\"wp-block-heading\">Lo que hacemos por usted:<\/h2>\n\n\n\n<div class=\"wp-block-uagb-icon-list uagb-block-f96ddfd4\"><div class=\"uagb-icon-list__wrap\">\n<div class=\"wp-block-uagb-icon-list-child uagb-block-52f60dbf\"><span class=\"uagb-icon-list__source-wrap\"><svg xmlns=\"https:\/\/www.w3.org\/2000\/svg\" viewbox=\"0 0 512 512\"><path d=\"M256 0C114.6 0 0 114.6 0 256c0 141.4 114.6 256 256 256s256-114.6 256-256C512 114.6 397.4 0 256 0zM406.6 278.6l-103.1 103.1c-12.5 12.5-32.75 12.5-45.25 0s-12.5-32.75 0-45.25L306.8 288H128C110.3 288 96 273.7 96 256s14.31-32 32-32h178.8l-49.38-49.38c-12.5-12.5-12.5-32.75 0-45.25s32.75-12.5 45.25 0l103.1 103.1C414.6 241.3 416 251.1 416 256C416 260.9 414.6 270.7 406.6 278.6z\"><\/path><\/svg><\/span><span class=\"uagb-icon-list__label\"><strong>Reuni\u00f3n informativa: <\/strong>Preparaci\u00f3n de la fase de Proof-of-Concept mediante entrevistas espec\u00edficas y sistem\u00e1ticas con personas clave. Consenso mutuo sobre el objetivo general.<\/span><\/div>\n\n\n\n<div class=\"wp-block-uagb-icon-list-child uagb-block-81ce3312\"><span class=\"uagb-icon-list__source-wrap\"><svg xmlns=\"https:\/\/www.w3.org\/2000\/svg\" viewbox=\"0 0 512 512\"><path d=\"M256 0C114.6 0 0 114.6 0 256c0 141.4 114.6 256 256 256s256-114.6 256-256C512 114.6 397.4 0 256 0zM406.6 278.6l-103.1 103.1c-12.5 12.5-32.75 12.5-45.25 0s-12.5-32.75 0-45.25L306.8 288H128C110.3 288 96 273.7 96 256s14.31-32 32-32h178.8l-49.38-49.38c-12.5-12.5-12.5-32.75 0-45.25s32.75-12.5 45.25 0l103.1 103.1C414.6 241.3 416 251.1 416 256C416 260.9 414.6 270.7 406.6 278.6z\"><\/path><\/svg><\/span><span class=\"uagb-icon-list__label\"><strong>Proof-of-Concept:<\/strong> A peque\u00f1a escala, buscaremos agentes del mercado en Alemania, nos pondremos en contacto con ellos personalmente y les hablaremos de sus productos y de la situaci\u00f3n del mercado. Adem\u00e1s de una lista de direcciones y contactos cualificados, obtendr\u00e1 valiosa informaci\u00f3n y comentarios directamente del mercado alem\u00e1n.<\/span><\/div>\n\n\n\n<div class=\"wp-block-uagb-icon-list-child uagb-block-a34c5254\"><span class=\"uagb-icon-list__source-wrap\"><svg xmlns=\"https:\/\/www.w3.org\/2000\/svg\" viewbox=\"0 0 512 512\"><path d=\"M256 0C114.6 0 0 114.6 0 256c0 141.4 114.6 256 256 256s256-114.6 256-256C512 114.6 397.4 0 256 0zM406.6 278.6l-103.1 103.1c-12.5 12.5-32.75 12.5-45.25 0s-12.5-32.75 0-45.25L306.8 288H128C110.3 288 96 273.7 96 256s14.31-32 32-32h178.8l-49.38-49.38c-12.5-12.5-12.5-32.75 0-45.25s32.75-12.5 45.25 0l103.1 103.1C414.6 241.3 416 251.1 416 256C416 260.9 414.6 270.7 406.6 278.6z\"><\/path><\/svg><\/span><span class=\"uagb-icon-list__label\"><strong>Revisi\u00f3n y planificaci\u00f3n: <\/strong>Con la informaci\u00f3n y los aprendizajes de la fase de prueba de concepto, podemos replantear y adaptar la estrategia e identificar y decidir juntos los pr\u00f3ximos pasos espec\u00edficos.<\/span><\/div>\n<\/div><\/div>\n\n\n\n<h2 class=\"wp-block-heading\">El resultado para usted ser\u00e1:<\/h2>\n\n\n\n<div class=\"wp-block-uagb-icon-list uagb-block-d4bd25b9\"><div class=\"uagb-icon-list__wrap\">\n<div class=\"wp-block-uagb-icon-list-child uagb-block-a23de4cf\"><span class=\"uagb-icon-list__source-wrap\"><svg xmlns=\"https:\/\/www.w3.org\/2000\/svg\" viewbox=\"0 0 512 512\"><path d=\"M256 0C114.6 0 0 114.6 0 256c0 141.4 114.6 256 256 256s256-114.6 256-256C512 114.6 397.4 0 256 0zM406.6 278.6l-103.1 103.1c-12.5 12.5-32.75 12.5-45.25 0s-12.5-32.75 0-45.25L306.8 288H128C110.3 288 96 273.7 96 256s14.31-32 32-32h178.8l-49.38-49.38c-12.5-12.5-12.5-32.75 0-45.25s32.75-12.5 45.25 0l103.1 103.1C414.6 241.3 416 251.1 416 256C416 260.9 414.6 270.7 406.6 278.6z\"><\/path><\/svg><\/span><span class=\"uagb-icon-list__label\">Hoja de ruta con objetivos e hitos<\/span><\/div>\n\n\n\n<div class=\"wp-block-uagb-icon-list-child uagb-block-87ed01d7\"><span class=\"uagb-icon-list__source-wrap\"><svg xmlns=\"https:\/\/www.w3.org\/2000\/svg\" viewbox=\"0 0 512 512\"><path d=\"M256 0C114.6 0 0 114.6 0 256c0 141.4 114.6 256 256 256s256-114.6 256-256C512 114.6 397.4 0 256 0zM406.6 278.6l-103.1 103.1c-12.5 12.5-32.75 12.5-45.25 0s-12.5-32.75 0-45.25L306.8 288H128C110.3 288 96 273.7 96 256s14.31-32 32-32h178.8l-49.38-49.38c-12.5-12.5-12.5-32.75 0-45.25s32.75-12.5 45.25 0l103.1 103.1C414.6 241.3 416 251.1 416 256C416 260.9 414.6 270.7 406.6 278.6z\"><\/path><\/svg><\/span><span class=\"uagb-icon-list__label\">Medidas espec\u00edficas y pr\u00f3ximos pasos<\/span><\/div>\n\n\n\n<div class=\"wp-block-uagb-icon-list-child uagb-block-81114b09\"><span class=\"uagb-icon-list__source-wrap\"><svg xmlns=\"https:\/\/www.w3.org\/2000\/svg\" viewbox=\"0 0 512 512\"><path d=\"M256 0C114.6 0 0 114.6 0 256c0 141.4 114.6 256 256 256s256-114.6 256-256C512 114.6 397.4 0 256 0zM406.6 278.6l-103.1 103.1c-12.5 12.5-32.75 12.5-45.25 0s-12.5-32.75 0-45.25L306.8 288H128C110.3 288 96 273.7 96 256s14.31-32 32-32h178.8l-49.38-49.38c-12.5-12.5-12.5-32.75 0-45.25s32.75-12.5 45.25 0l103.1 103.1C414.6 241.3 416 251.1 416 256C416 260.9 414.6 270.7 406.6 278.6z\"><\/path><\/svg><\/span><span class=\"uagb-icon-list__label\">Conocimiento del grupo destinatario y de los principales participantes del mercado.<\/span><\/div>\n\n\n\n<div class=\"wp-block-uagb-icon-list-child uagb-block-6a7dec5a\"><span class=\"uagb-icon-list__source-wrap\"><svg xmlns=\"https:\/\/www.w3.org\/2000\/svg\" viewbox=\"0 0 512 512\"><path d=\"M256 0C114.6 0 0 114.6 0 256c0 141.4 114.6 256 256 256s256-114.6 256-256C512 114.6 397.4 0 256 0zM406.6 278.6l-103.1 103.1c-12.5 12.5-32.75 12.5-45.25 0s-12.5-32.75 0-45.25L306.8 288H128C110.3 288 96 273.7 96 256s14.31-32 32-32h178.8l-49.38-49.38c-12.5-12.5-12.5-32.75 0-45.25s32.75-12.5 45.25 0l103.1 103.1C414.6 241.3 416 251.1 416 256C416 260.9 414.6 270.7 406.6 278.6z\"><\/path><\/svg><\/span><span class=\"uagb-icon-list__label\">Informaci\u00f3n sobre los medios impresos pertinentes y otras plataformas importantes para la publicidad.<\/span><\/div>\n\n\n\n<div class=\"wp-block-uagb-icon-list-child uagb-block-7567c4a3\"><span class=\"uagb-icon-list__source-wrap\"><svg xmlns=\"https:\/\/www.w3.org\/2000\/svg\" viewbox=\"0 0 512 512\"><path d=\"M256 0C114.6 0 0 114.6 0 256c0 141.4 114.6 256 256 256s256-114.6 256-256C512 114.6 397.4 0 256 0zM406.6 278.6l-103.1 103.1c-12.5 12.5-32.75 12.5-45.25 0s-12.5-32.75 0-45.25L306.8 288H128C110.3 288 96 273.7 96 256s14.31-32 32-32h178.8l-49.38-49.38c-12.5-12.5-12.5-32.75 0-45.25s32.75-12.5 45.25 0l103.1 103.1C414.6 241.3 416 251.1 416 256C416 260.9 414.6 270.7 406.6 278.6z\"><\/path><\/svg><\/span><span class=\"uagb-icon-list__label\">Lista de direcciones y primeros contactos comerciales<\/span><\/div>\n<\/div><\/div>\n\n\n\n<h2 class=\"wp-block-heading\">Sus beneficios inmediatos:<\/h2>\n\n\n\n<div class=\"wp-block-uagb-icon-list uagb-block-05ba4354\"><div class=\"uagb-icon-list__wrap\">\n<div class=\"wp-block-uagb-icon-list-child uagb-block-3fe844a6\"><span class=\"uagb-icon-list__source-wrap\"><svg xmlns=\"https:\/\/www.w3.org\/2000\/svg\" viewbox=\"0 0 512 512\"><path d=\"M256 0C114.6 0 0 114.6 0 256c0 141.4 114.6 256 256 256s256-114.6 256-256C512 114.6 397.4 0 256 0zM406.6 278.6l-103.1 103.1c-12.5 12.5-32.75 12.5-45.25 0s-12.5-32.75 0-45.25L306.8 288H128C110.3 288 96 273.7 96 256s14.31-32 32-32h178.8l-49.38-49.38c-12.5-12.5-12.5-32.75 0-45.25s32.75-12.5 45.25 0l103.1 103.1C414.6 241.3 416 251.1 416 256C416 260.9 414.6 270.7 406.6 278.6z\"><\/path><\/svg><\/span><span class=\"uagb-icon-list__label\">El objetivo general previsto y la estrategia de producto pueden revisarse en funci\u00f3n de las opiniones directas de los agentes del mercado en Alemania.<\/span><\/div>\n\n\n\n<div class=\"wp-block-uagb-icon-list-child uagb-block-7912174b\"><span class=\"uagb-icon-list__source-wrap\"><svg xmlns=\"https:\/\/www.w3.org\/2000\/svg\" viewbox=\"0 0 512 512\"><path d=\"M256 0C114.6 0 0 114.6 0 256c0 141.4 114.6 256 256 256s256-114.6 256-256C512 114.6 397.4 0 256 0zM406.6 278.6l-103.1 103.1c-12.5 12.5-32.75 12.5-45.25 0s-12.5-32.75 0-45.25L306.8 288H128C110.3 288 96 273.7 96 256s14.31-32 32-32h178.8l-49.38-49.38c-12.5-12.5-12.5-32.75 0-45.25s32.75-12.5 45.25 0l103.1 103.1C414.6 241.3 416 251.1 416 256C416 260.9 414.6 270.7 406.6 278.6z\"><\/path><\/svg><\/span><span class=\"uagb-icon-list__label\">Los primeros contactos \u00abcalientes\u00bb, prospectos y oportunidades de venta de esta fase de prueba de concepto pueden ser objeto de seguimiento inmediato y llenar\u00e1n el pipeline de ventas.<\/span><\/div>\n\n\n\n<div class=\"wp-block-uagb-icon-list-child uagb-block-4b1aeb31\"><span class=\"uagb-icon-list__source-wrap\"><svg xmlns=\"https:\/\/www.w3.org\/2000\/svg\" viewbox=\"0 0 512 512\"><path d=\"M256 0C114.6 0 0 114.6 0 256c0 141.4 114.6 256 256 256s256-114.6 256-256C512 114.6 397.4 0 256 0zM406.6 278.6l-103.1 103.1c-12.5 12.5-32.75 12.5-45.25 0s-12.5-32.75 0-45.25L306.8 288H128C110.3 288 96 273.7 96 256s14.31-32 32-32h178.8l-49.38-49.38c-12.5-12.5-12.5-32.75 0-45.25s32.75-12.5 45.25 0l103.1 103.1C414.6 241.3 416 251.1 416 256C416 260.9 414.6 270.7 406.6 278.6z\"><\/path><\/svg><\/span><span class=\"uagb-icon-list__label\">Los resultados de la fase de Proof-of-Concept ayudan a evaluar mejor las probabilidades y posibilidades de \u00e9xito.<\/span><\/div>\n<\/div><\/div>\n\n\n\n<h2 class=\"wp-block-heading\">Siguientes posibilidades con nosotros:<\/h2>\n\n\n\n<div class=\"wp-block-uagb-icon-list uagb-block-36ba5229\"><div class=\"uagb-icon-list__wrap\">\n<div class=\"wp-block-uagb-icon-list-child uagb-block-242ca3ce\"><span class=\"uagb-icon-list__source-wrap\"><svg xmlns=\"https:\/\/www.w3.org\/2000\/svg\" viewbox=\"0 0 512 512\"><path d=\"M256 0C114.6 0 0 114.6 0 256c0 141.4 114.6 256 256 256s256-114.6 256-256C512 114.6 397.4 0 256 0zM406.6 278.6l-103.1 103.1c-12.5 12.5-32.75 12.5-45.25 0s-12.5-32.75 0-45.25L306.8 288H128C110.3 288 96 273.7 96 256s14.31-32 32-32h178.8l-49.38-49.38c-12.5-12.5-12.5-32.75 0-45.25s32.75-12.5 45.25 0l103.1 103.1C414.6 241.3 416 251.1 416 256C416 260.9 414.6 270.7 406.6 278.6z\"><\/path><\/svg><\/span><span class=\"uagb-icon-list__label\">Gesti\u00f3n integral de la traducci\u00f3n en todos los soportes (sitio web, folletos, manuales, entradas de blog, boletines, manuales, base de datos de productos, etc.).<\/span><\/div>\n\n\n\n<div class=\"wp-block-uagb-icon-list-child uagb-block-cfbaa7d6\"><span class=\"uagb-icon-list__source-wrap\"><svg xmlns=\"https:\/\/www.w3.org\/2000\/svg\" viewbox=\"0 0 512 512\"><path d=\"M256 0C114.6 0 0 114.6 0 256c0 141.4 114.6 256 256 256s256-114.6 256-256C512 114.6 397.4 0 256 0zM406.6 278.6l-103.1 103.1c-12.5 12.5-32.75 12.5-45.25 0s-12.5-32.75 0-45.25L306.8 288H128C110.3 288 96 273.7 96 256s14.31-32 32-32h178.8l-49.38-49.38c-12.5-12.5-12.5-32.75 0-45.25s32.75-12.5 45.25 0l103.1 103.1C414.6 241.3 416 251.1 416 256C416 260.9 414.6 270.7 406.6 278.6z\"><\/path><\/svg><\/span><span class=\"uagb-icon-list__label\">Paquete de generaci\u00f3n de clientes potenciales I:<br\/>&#8211; Optimizaci\u00f3n para los motores de b\u00fasqueda (SEO) de su presencia alem\u00e1na en Internet para aumentar su visibilidad y el n\u00famero de visitantes.<br\/>&#8211; Publicidad en buscadores (SEA) en alem\u00e1n, para generar tr\u00e1fico inmediato a su nueva presencia web alemana<br\/>&#8211; Interacci\u00f3n en alem\u00e1n en sus canales de medios sociales<br\/>&#8211; B\u00fasqueda de direcciones + campa\u00f1as de mailing en Alemania<\/span><\/div>\n\n\n\n<div class=\"wp-block-uagb-icon-list-child uagb-block-890c0c14\"><span class=\"uagb-icon-list__source-wrap\"><svg xmlns=\"https:\/\/www.w3.org\/2000\/svg\" viewbox=\"0 0 512 512\"><path d=\"M256 0C114.6 0 0 114.6 0 256c0 141.4 114.6 256 256 256s256-114.6 256-256C512 114.6 397.4 0 256 0zM406.6 278.6l-103.1 103.1c-12.5 12.5-32.75 12.5-45.25 0s-12.5-32.75 0-45.25L306.8 288H128C110.3 288 96 273.7 96 256s14.31-32 32-32h178.8l-49.38-49.38c-12.5-12.5-12.5-32.75 0-45.25s32.75-12.5 45.25 0l103.1 103.1C414.6 241.3 416 251.1 416 256C416 260.9 414.6 270.7 406.6 278.6z\"><\/path><\/svg><\/span><span class=\"uagb-icon-list__label\">Presencia ferial en Alemania<\/span><\/div>\n\n\n\n<div class=\"wp-block-uagb-icon-list-child uagb-block-1a9892ca\"><span class=\"uagb-icon-list__source-wrap\"><svg xmlns=\"https:\/\/www.w3.org\/2000\/svg\" viewbox=\"0 0 512 512\"><path d=\"M256 0C114.6 0 0 114.6 0 256c0 141.4 114.6 256 256 256s256-114.6 256-256C512 114.6 397.4 0 256 0zM406.6 278.6l-103.1 103.1c-12.5 12.5-32.75 12.5-45.25 0s-12.5-32.75 0-45.25L306.8 288H128C110.3 288 96 273.7 96 256s14.31-32 32-32h178.8l-49.38-49.38c-12.5-12.5-12.5-32.75 0-45.25s32.75-12.5 45.25 0l103.1 103.1C414.6 241.3 416 251.1 416 256C416 260.9 414.6 270.7 406.6 278.6z\"><\/path><\/svg><\/span><span class=\"uagb-icon-list__label\">Ventas convencionales sobre el terreno y gesti\u00f3n de grandes cuentas en Alemania<\/span><\/div>\n\n\n\n<div class=\"wp-block-uagb-icon-list-child uagb-block-ed388057\"><span class=\"uagb-icon-list__source-wrap\"><svg xmlns=\"https:\/\/www.w3.org\/2000\/svg\" viewbox=\"0 0 512 512\"><path d=\"M256 0C114.6 0 0 114.6 0 256c0 141.4 114.6 256 256 256s256-114.6 256-256C512 114.6 397.4 0 256 0zM406.6 278.6l-103.1 103.1c-12.5 12.5-32.75 12.5-45.25 0s-12.5-32.75 0-45.25L306.8 288H128C110.3 288 96 273.7 96 256s14.31-32 32-32h178.8l-49.38-49.38c-12.5-12.5-12.5-32.75 0-45.25s32.75-12.5 45.25 0l103.1 103.1C414.6 241.3 416 251.1 416 256C416 260.9 414.6 270.7 406.6 278.6z\"><\/path><\/svg><\/span><span class=\"uagb-icon-list__label\">Desarrollo de los canales de ventas en Alemania<\/span><\/div>\n\n\n\n<div class=\"wp-block-uagb-icon-list-child uagb-block-1a075f07\"><span class=\"uagb-icon-list__source-wrap\"><svg xmlns=\"https:\/\/www.w3.org\/2000\/svg\" viewbox=\"0 0 512 512\"><path d=\"M256 0C114.6 0 0 114.6 0 256c0 141.4 114.6 256 256 256s256-114.6 256-256C512 114.6 397.4 0 256 0zM406.6 278.6l-103.1 103.1c-12.5 12.5-32.75 12.5-45.25 0s-12.5-32.75 0-45.25L306.8 288H128C110.3 288 96 273.7 96 256s14.31-32 32-32h178.8l-49.38-49.38c-12.5-12.5-12.5-32.75 0-45.25s32.75-12.5 45.25 0l103.1 103.1C414.6 241.3 416 251.1 416 256C416 260.9 414.6 270.7 406.6 278.6z\"><\/path><\/svg><\/span><span class=\"uagb-icon-list__label\">Marketing de contenidos en alem\u00e1n<\/span><\/div>\n<\/div><\/div>\n<\/div><\/div>\n\n<div class=\"wp-block-uagb-container uagb-block-f3b5d626 alignfull uagb-is-root-container\"><div class=\"uagb-container-inner-blocks-wrap\">\n<div class=\"wp-block-uagb-container uagb-block-0832b71a\">\n<div class=\"wp-block-uagb-container uagb-block-a61307ae\">\n<div class=\"wp-block-uagb-info-box uagb-block-674fb749 uagb-infobox__content-wrap  uagb-infobox-icon-above-title uagb-infobox-image-valign-top\"><div class=\"uagb-ifb-content\"><div class=\"uagb-ifb-title-wrap\"><h2 class=\"uagb-ifb-title\">Su pr\u00f3ximo paso con nosotros:<\/h2><\/div><p class=\"uagb-ifb-desc\">Ll\u00e1menos o env\u00edenos un correo electr\u00f3nico y estaremos encantados de responder a todas sus preguntas.<br\/><br\/>Su persona de contacto personal es <strong>Alexander Fischer<\/strong>.<br\/><br\/>Tel\u00e9fono: <strong>+49-8442-9231500<\/strong> | Email: <a href=\"mailto:info@foreign-markets.eu\" target=\"_blank\" rel=\"noreferrer noopener\">\n  <strong>info@foreign-markets.eu<\/strong>\n<\/a><\/p><div class=\"uagb-ifb-button-wrapper wp-block-button\"><a href=\"\/es\/#contact\" class=\"uagb-infobox-cta-link wp-block-button__link\" target=\"_self\" rel=\"noopener noreferrer\" onclick=\"return true;\" alt=\"\"><span class=\"uagb-inline-editing\">Empiece hoy mismo<\/span><\/a><\/div><\/div><\/div>\n<\/div>\n<\/div>\n<\/div><\/div>\n","protected":false},"excerpt":{"rendered":"<p>Nuestro enfoque pragm\u00e1tico para su entrada en el mercado alem\u00e1n Nuestro paquete de entrada en el mercado alem\u00e1n es un enfoque personalizado que le ayudar\u00e1 a lanzar y hacer crecer su negocio en Alemania paso a paso. Una vez acordado el objetivo general, realizamos una Proof-of-Concept durante un par de meses, que no s\u00f3lo le [&hellip;]<\/p>\n","protected":false},"author":2,"featured_media":0,"parent":3110,"menu_order":0,"comment_status":"closed","ping_status":"closed","template":"","meta":{"_seopress_robots_primary_cat":"","_seopress_titles_title":"Su entrada en el mercado alem\u00e1n - Foreign-Markets","_seopress_titles_desc":"\u00bfBusca una forma fiable y eficaz de entrar en el mercado alem\u00e1n? Inicie su entrada en el mercado alem\u00e1n con nuestro servicio pragm\u00e1tico instant\u00e1neo. \u25b6\ufe0f M\u00c1S INFORMACI\u00d3N","_seopress_robots_index":"","_uag_custom_page_level_css":"","footnotes":""},"class_list":["post-3116","page","type-page","status-publish","hentry"],"blocksy_meta":[],"uagb_featured_image_src":{"full":false,"thumbnail":false,"medium":false,"medium_large":false,"large":false,"1536x1536":false,"2048x2048":false},"uagb_author_info":{"display_name":"SRC00","author_link":"https:\/\/foreign-markets.eu\/es\/author\/src00\/"},"uagb_comment_info":0,"uagb_excerpt":"Nuestro enfoque pragm\u00e1tico para su entrada en el mercado alem\u00e1n Nuestro paquete de entrada en el mercado alem\u00e1n es un enfoque personalizado que le ayudar\u00e1 a lanzar y hacer crecer su negocio en Alemania paso a paso. Una vez acordado el objetivo general, realizamos una Proof-of-Concept durante un par de meses, que no s\u00f3lo le&hellip;","_links":{"self":[{"href":"https:\/\/foreign-markets.eu\/es\/wp-json\/wp\/v2\/pages\/3116","targetHints":{"allow":["GET"]}}],"collection":[{"href":"https:\/\/foreign-markets.eu\/es\/wp-json\/wp\/v2\/pages"}],"about":[{"href":"https:\/\/foreign-markets.eu\/es\/wp-json\/wp\/v2\/types\/page"}],"author":[{"embeddable":true,"href":"https:\/\/foreign-markets.eu\/es\/wp-json\/wp\/v2\/users\/2"}],"replies":[{"embeddable":true,"href":"https:\/\/foreign-markets.eu\/es\/wp-json\/wp\/v2\/comments?post=3116"}],"version-history":[{"count":8,"href":"https:\/\/foreign-markets.eu\/es\/wp-json\/wp\/v2\/pages\/3116\/revisions"}],"predecessor-version":[{"id":3312,"href":"https:\/\/foreign-markets.eu\/es\/wp-json\/wp\/v2\/pages\/3116\/revisions\/3312"}],"up":[{"embeddable":true,"href":"https:\/\/foreign-markets.eu\/es\/wp-json\/wp\/v2\/pages\/3110"}],"wp:attachment":[{"href":"https:\/\/foreign-markets.eu\/es\/wp-json\/wp\/v2\/media?parent=3116"}],"curies":[{"name":"wp","href":"https:\/\/api.w.org\/{rel}","templated":true}]}}