{"id":3121,"date":"2023-11-15T14:24:55","date_gmt":"2023-11-15T13:24:55","guid":{"rendered":"https:\/\/foreign-markets.eu\/por-que-nosotros\/"},"modified":"2024-04-12T07:06:14","modified_gmt":"2024-04-12T05:06:14","slug":"por-que-nosotros","status":"publish","type":"page","link":"https:\/\/foreign-markets.eu\/es\/por-que-nosotros\/","title":{"rendered":"Por qu\u00e9 nosotros"},"content":{"rendered":"\n<div class=\"wp-block-uagb-container uagb-block-7fa22420 alignfull uagb-is-root-container\"><div class=\"uagb-container-inner-blocks-wrap\">\n<div class=\"wp-block-uagb-image aligncenter uagb-block-c965ce08 wp-block-uagb-image--layout-default wp-block-uagb-image--effect-static wp-block-uagb-image--align-center\"><figure class=\"wp-block-uagb-image__figure\"><img decoding=\"async\" srcset=\"https:\/\/foreign-markets.eu\/wp-content\/uploads\/\/why-us-foreign-markets-1024x427.jpg ,https:\/\/foreign-markets.sales-readiness.eu\/wp-content\/uploads\/why-us-foreign-markets.jpg 780w, https:\/\/foreign-markets.sales-readiness.eu\/wp-content\/uploads\/why-us-foreign-markets.jpg 360w\" sizes=\"auto, (max-width: 480px) 150px\" src=\"https:\/\/foreign-markets.eu\/wp-content\/uploads\/\/why-us-foreign-markets-1024x427.jpg\" alt=\"\" class=\"uag-image-2270\" width=\"1200\" height=\"500\" title=\"\" loading=\"lazy\" role=\"img\"\/><\/figure><\/div>\n\n\n\n<div class=\"wp-block-uagb-container uagb-block-34baccc2\">\n<div class=\"wp-block-uagb-info-box uagb-block-9a21b952 uagb-infobox__content-wrap  uagb-infobox-icon-above-title uagb-infobox-image-valign-top\"><div class=\"uagb-ifb-content\"><div class=\"uagb-ifb-title-wrap\"><h1 class=\"uagb-ifb-title\"><strong><strong>Su soluci\u00f3n integral para el mercado alem\u00e1n<\/strong><\/strong><\/h1><\/div><p class=\"uagb-ifb-desc\">Somos m\u00e1s que simplemente una consultor\u00eda m\u00e1s. Queremos ser <strong>su socio<\/strong> en el mercado alem\u00e1n. Le ofrecemos una soluci\u00f3n integral para sus necesidades de ventas, marketing, traducci\u00f3n, generaci\u00f3n de prospectos y estrategia.<\/p><div class=\"uagb-ifb-button-wrapper wp-block-button\"><a href=\"\/es\/#contact\" class=\"uagb-infobox-cta-link wp-block-button__link\" target=\"_self\" rel=\"noopener noreferrer\" onclick=\"return true;\" alt=\"\"><span class=\"uagb-inline-editing\">Empiece hoy mismo<\/span><\/a><\/div><\/div><\/div>\n<\/div>\n<\/div><\/div>\n\n<div class=\"wp-block-uagb-container uagb-block-e3ee6a34 alignfull uagb-is-root-container\"><div class=\"uagb-container-inner-blocks-wrap\">\n<div class=\"wp-block-uagb-container uagb-block-d8445907\">\n<div class=\"wp-block-uagb-image aligncenter uagb-block-e9dfbbe9 wp-block-uagb-image--layout-default wp-block-uagb-image--effect-static wp-block-uagb-image--align-center\"><figure class=\"wp-block-uagb-image__figure\"><img decoding=\"async\" srcset=\"https:\/\/foreign-markets.eu\/wp-content\/uploads\/single-source-foreign-markets.webp ,https:\/\/foreign-markets.eu\/wp-content\/uploads\/single-source-foreign-markets.webp 780w, https:\/\/foreign-markets.eu\/wp-content\/uploads\/single-source-foreign-markets.webp 360w\" sizes=\"auto, (max-width: 480px) 150px\" src=\"https:\/\/foreign-markets.eu\/wp-content\/uploads\/single-source-foreign-markets.webp\" alt=\"\" class=\"uag-image-3079\" width=\"845\" height=\"290\" title=\"single-source-foreign-markets\" loading=\"lazy\" role=\"img\"\/><\/figure><\/div>\n<\/div>\n\n\n\n<div class=\"wp-block-uagb-container uagb-block-e03c7a26\">\n<div class=\"wp-block-uagb-info-box uagb-block-a0b8ede5 uagb-infobox__content-wrap  uagb-infobox-icon-above-title uagb-infobox-image-valign-top\"><div class=\"uagb-ifb-content\"><div class=\"uagb-ifb-title-wrap\"><h2 class=\"uagb-ifb-title\">Todo de una sola fuente<\/h2><\/div><p class=\"uagb-ifb-desc\"><strong>Marketing + Traducci\u00f3n + Generaci\u00f3n de Contactos + Ventas <\/strong><br\/><br\/>Podemos ocuparnos de todos los aspectos de su negocio en el mercado alem\u00e1n, desde encontrar y llegar a su p\u00fablico objetivo, hasta crear y transmitir su mensaje, generar y convertir clientes potenciales, hacer un seguimiento y cerrar acuerdos.<\/p><\/div><\/div>\n<\/div>\n<\/div><\/div>\n\n<div class=\"wp-block-uagb-container uagb-block-dff05369 alignfull uagb-is-root-container\"><div class=\"uagb-container-inner-blocks-wrap\">\n<div class=\"wp-block-uagb-container uagb-block-b95d339c\">\n<div class=\"wp-block-uagb-info-box uagb-block-e32a309a uagb-infobox__content-wrap  uagb-infobox-icon-above-title uagb-infobox-image-valign-top\"><div class=\"uagb-ifb-content\"><div class=\"uagb-ifb-title-wrap\"><h2 class=\"uagb-ifb-title\"><strong><strong>Los contactos personales son importantes<\/strong><\/strong><\/h2><\/div><p class=\"uagb-ifb-desc\"><strong>No s\u00f3lo hacemos \u00abonline\u00bb, tambi\u00e9n hacemos \u00abcontacto personal\u00bb.<\/strong><br\/><br\/>Valoramos y fomentamos las relaciones comerciales personales con sus clientes potenciales y existentes, socios y personas influyentes. No somos s\u00f3lo una agencia en l\u00ednea sin rostro, somos sus representantes locales que pueden reunirse y comunicarse con sus interlocutores en persona. Le ofrecemos un toque personal que nos diferencia del resto.<\/p><\/div><\/div>\n<\/div>\n\n\n\n<div class=\"wp-block-uagb-container uagb-block-b25bc1b0\">\n<div class=\"wp-block-uagb-image aligncenter uagb-block-f97cb25c wp-block-uagb-image--layout-default wp-block-uagb-image--effect-static wp-block-uagb-image--align-center\"><figure class=\"wp-block-uagb-image__figure\"><img decoding=\"async\" srcset=\"https:\/\/foreign-markets.eu\/wp-content\/uploads\/personal-business-contact-foreign-markets.webp ,https:\/\/foreign-markets.eu\/wp-content\/uploads\/personal-business-contact-foreign-markets.webp 780w, https:\/\/foreign-markets.eu\/wp-content\/uploads\/personal-business-contact-foreign-markets.webp 360w\" sizes=\"auto, (max-width: 480px) 150px\" src=\"https:\/\/foreign-markets.eu\/wp-content\/uploads\/personal-business-contact-foreign-markets.webp\" alt=\"\" class=\"uag-image-3091\" width=\"845\" height=\"290\" title=\"personal-business-contact-foreign-markets\" loading=\"lazy\" role=\"img\"\/><\/figure><\/div>\n<\/div>\n<\/div><\/div>\n\n<div class=\"wp-block-uagb-container uagb-block-26837ef3 alignfull uagb-is-root-container\"><div class=\"uagb-container-inner-blocks-wrap\">\n<div class=\"wp-block-uagb-container uagb-block-f049a705\">\n<div class=\"wp-block-uagb-image aligncenter uagb-block-6adea24d wp-block-uagb-image--layout-default wp-block-uagb-image--effect-static wp-block-uagb-image--align-center\"><figure class=\"wp-block-uagb-image__figure\"><img decoding=\"async\" srcset=\"https:\/\/foreign-markets.eu\/wp-content\/uploads\/saving-time-hassle-foreign-markets.webp ,https:\/\/foreign-markets.eu\/wp-content\/uploads\/saving-time-hassle-foreign-markets.webp 780w, https:\/\/foreign-markets.eu\/wp-content\/uploads\/saving-time-hassle-foreign-markets.webp 360w\" sizes=\"auto, (max-width: 480px) 150px\" src=\"https:\/\/foreign-markets.eu\/wp-content\/uploads\/saving-time-hassle-foreign-markets.webp\" alt=\"\" class=\"uag-image-3075\" width=\"845\" height=\"290\" title=\"saving-time-hassle-foreign-markets\" loading=\"lazy\" role=\"img\"\/><\/figure><\/div>\n<\/div>\n\n\n\n<div class=\"wp-block-uagb-container uagb-block-bd89ac50\">\n<div class=\"wp-block-uagb-info-box uagb-block-fcf463c2 uagb-infobox__content-wrap  uagb-infobox-icon-above-title uagb-infobox-image-valign-top\"><div class=\"uagb-ifb-content\"><div class=\"uagb-ifb-title-wrap\"><h2 class=\"uagb-ifb-title\"><strong><strong>Le ahorramos tiempo y molestias<\/strong><\/strong><\/h2><\/div><p class=\"uagb-ifb-desc\"><strong>Nos \u00abocupamos\u00bb de las cosas.<\/strong><br\/><br\/>Usted ahorra tiempo, porque nosotros le proporcionamos: iniciativa, an\u00e1lisis, planificaci\u00f3n, realizaci\u00f3n, revisi\u00f3n, elaboraci\u00f3n de informes y adaptaci\u00f3n.<br\/>Todo lo que tiene que hacer es elaborar un objetivo claro junto con nosotros. Nosotros nos encargamos del resto, desde la investigaci\u00f3n y el an\u00e1lisis hasta la aplicaci\u00f3n y la evaluaci\u00f3n, pasando por la elaboraci\u00f3n de informes y la retroalimentaci\u00f3n, el ajuste y la mejora.<\/p><\/div><\/div>\n<\/div>\n<\/div><\/div>\n\n<div class=\"wp-block-uagb-container uagb-block-eccce8e4 alignfull uagb-is-root-container\"><div class=\"uagb-container-inner-blocks-wrap\">\n<div class=\"wp-block-uagb-container uagb-block-88cec558\">\n<div class=\"wp-block-uagb-info-box uagb-block-b769bba0 uagb-infobox__content-wrap  uagb-infobox-icon-above-title uagb-infobox-image-valign-top\"><div class=\"uagb-ifb-content\"><div class=\"uagb-ifb-title-wrap\"><h2 class=\"uagb-ifb-title\">Comprometidos con su \u00e9xito<\/h2><\/div><p class=\"uagb-ifb-desc\"><strong>No solo \u00abconsultamos\u00bb, tambi\u00e9n \u00abtrabajamos\u00bb.<\/strong><br\/><br\/>Ofrecemos resultados, no s\u00f3lo informes. Nos comprometemos con su \u00e9xito y satisfacci\u00f3n. No nos limitamos a darle asesoramiento, tambi\u00e9n lo ejecutamos. No nos limitamos a recomendarle lo que tiene que hacer, tambi\u00e9n le ense\u00f1amos c\u00f3mo hacerlo. No somos meros asesores, tambi\u00e9n somos socios que trabajan con usted para alcanzar sus objetivos.<\/p><\/div><\/div>\n<\/div>\n\n\n\n<div class=\"wp-block-uagb-container uagb-block-8fb9c47e\">\n<div class=\"wp-block-uagb-image aligncenter uagb-block-d00fc079 wp-block-uagb-image--layout-default wp-block-uagb-image--effect-static wp-block-uagb-image--align-center\"><figure class=\"wp-block-uagb-image__figure\"><img decoding=\"async\" srcset=\"https:\/\/foreign-markets.eu\/wp-content\/uploads\/business-success-foreign-markets.webp ,https:\/\/foreign-markets.eu\/wp-content\/uploads\/business-success-foreign-markets.webp 780w, https:\/\/foreign-markets.eu\/wp-content\/uploads\/business-success-foreign-markets.webp 360w\" sizes=\"auto, (max-width: 480px) 150px\" src=\"https:\/\/foreign-markets.eu\/wp-content\/uploads\/business-success-foreign-markets.webp\" alt=\"\" class=\"uag-image-3087\" width=\"845\" height=\"290\" title=\"business-success-foreign-markets\" loading=\"lazy\" role=\"img\"\/><\/figure><\/div>\n<\/div>\n<\/div><\/div>\n\n<div class=\"wp-block-uagb-container uagb-block-9db9f52d alignfull uagb-is-root-container\"><div class=\"uagb-container-inner-blocks-wrap\">\n<div class=\"wp-block-uagb-container uagb-block-acef64f5\">\n<div class=\"wp-block-uagb-image aligncenter uagb-block-e69221b5 wp-block-uagb-image--layout-default wp-block-uagb-image--effect-static wp-block-uagb-image--align-center\"><figure class=\"wp-block-uagb-image__figure\"><img decoding=\"async\" srcset=\"https:\/\/foreign-markets.eu\/wp-content\/uploads\/breaking-language-barrier-foreign-markets.webp ,https:\/\/foreign-markets.eu\/wp-content\/uploads\/breaking-language-barrier-foreign-markets.webp 780w, https:\/\/foreign-markets.eu\/wp-content\/uploads\/breaking-language-barrier-foreign-markets.webp 360w\" sizes=\"auto, (max-width: 480px) 150px\" src=\"https:\/\/foreign-markets.eu\/wp-content\/uploads\/breaking-language-barrier-foreign-markets.webp\" alt=\"\" class=\"uag-image-3083\" width=\"845\" height=\"290\" title=\"breaking-language-barrier-foreign-markets\" loading=\"lazy\" role=\"img\"\/><\/figure><\/div>\n<\/div>\n\n\n\n<div class=\"wp-block-uagb-container uagb-block-c89dcda6\">\n<div class=\"wp-block-uagb-info-box uagb-block-56f8040d uagb-infobox__content-wrap  uagb-infobox-icon-above-title uagb-infobox-image-valign-top\"><div class=\"uagb-ifb-content\"><div class=\"uagb-ifb-title-wrap\"><h2 class=\"uagb-ifb-title\">Rompemos la barrera ling\u00fc\u00edstica<\/h2><\/div><p class=\"uagb-ifb-desc\"><strong>Somos multiling\u00fces.<\/strong><br\/><br\/>Somos hablantes nativos de alem\u00e1n, pero tambi\u00e9n hablamos su idioma con fluidez. El idioma ya no ser\u00e1 una barrera para su empresa. Podemos comunicarnos eficazmente con su grupo objetivo y transmitir su mensaje de forma clara y persuasiva. Tambi\u00e9n las traducciones se realizar\u00e1n con precisi\u00f3n y eficacia.<\/p><\/div><\/div>\n<\/div>\n<\/div><\/div>\n\n<div class=\"wp-block-uagb-container uagb-block-b70db257 alignfull uagb-is-root-container\"><div class=\"uagb-container-inner-blocks-wrap\">\n<div class=\"wp-block-uagb-container uagb-block-d1a15a0f\">\n<div class=\"wp-block-uagb-info-box uagb-block-9e5e5629 uagb-infobox__content-wrap  uagb-infobox-icon-above-title uagb-infobox-image-valign-top\"><div class=\"uagb-ifb-content\"><div class=\"uagb-ifb-title-wrap\"><h2 class=\"uagb-ifb-title\">Aprovechamos nuestro trabajo en equipo<\/h2><\/div><p class=\"uagb-ifb-desc\">Con nosotros, tiene todo un equipo a su disposici\u00f3n. Esto aporta ideas de m\u00e1s de una mente. Tambi\u00e9n aumenta la disponibilidad: siempre hay una persona para atender su llamada.  <br\/><br\/>Somos un equipo de expertos que podemos colaborar y complementar nuestras capacidades y conocimientos.  <br\/><br\/>Podemos ofrecerle una perspectiva diversa y creativa de sus retos y oportunidades empresariales.<\/p><\/div><\/div>\n<\/div>\n\n\n\n<div class=\"wp-block-uagb-container uagb-block-80e5a331\">\n<div class=\"wp-block-uagb-image aligncenter uagb-block-3a6c0815 wp-block-uagb-image--layout-default wp-block-uagb-image--effect-static wp-block-uagb-image--align-center\"><figure class=\"wp-block-uagb-image__figure\"><img decoding=\"async\" srcset=\"https:\/\/foreign-markets.eu\/wp-content\/uploads\/teamwork-foreign-markets.webp ,https:\/\/foreign-markets.eu\/wp-content\/uploads\/teamwork-foreign-markets.webp 780w, https:\/\/foreign-markets.eu\/wp-content\/uploads\/teamwork-foreign-markets.webp 360w\" sizes=\"auto, (max-width: 480px) 150px\" src=\"https:\/\/foreign-markets.eu\/wp-content\/uploads\/teamwork-foreign-markets.webp\" alt=\"\" class=\"uag-image-3095\" width=\"845\" height=\"310\" title=\"teamwork-foreign-markets\" loading=\"lazy\" role=\"img\"\/><\/figure><\/div>\n<\/div>\n<\/div><\/div>\n\n<div class=\"wp-block-uagb-container uagb-block-b754306c alignfull uagb-is-root-container\"><div class=\"uagb-container-inner-blocks-wrap\">\n<div class=\"wp-block-uagb-container uagb-block-3135430d\">\n<div class=\"wp-block-uagb-image aligncenter uagb-block-7787af3a wp-block-uagb-image--layout-default wp-block-uagb-image--effect-static wp-block-uagb-image--align-center\"><figure class=\"wp-block-uagb-image__figure\"><img decoding=\"async\" srcset=\"https:\/\/foreign-markets.eu\/wp-content\/uploads\/b2b-business-experience-foreign-markets.webp ,https:\/\/foreign-markets.eu\/wp-content\/uploads\/b2b-business-experience-foreign-markets.webp 780w, https:\/\/foreign-markets.eu\/wp-content\/uploads\/b2b-business-experience-foreign-markets.webp 360w\" sizes=\"auto, (max-width: 480px) 150px\" src=\"https:\/\/foreign-markets.eu\/wp-content\/uploads\/b2b-business-experience-foreign-markets.webp\" alt=\"\" class=\"uag-image-3099\" width=\"845\" height=\"310\" title=\"b2b-business-experience-foreign-markets\" loading=\"lazy\" role=\"img\"\/><\/figure><\/div>\n<\/div>\n\n\n\n<div class=\"wp-block-uagb-container uagb-block-f6c2c0cc\">\n<div class=\"wp-block-uagb-info-box uagb-block-2bee6074 uagb-infobox__content-wrap  uagb-infobox-icon-above-title uagb-infobox-image-valign-top\"><div class=\"uagb-ifb-content\"><div class=\"uagb-ifb-title-wrap\"><h2 class=\"uagb-ifb-title\">Aplicamos nuestra experiencia B2B<\/h2><\/div><p class=\"uagb-ifb-desc\">Tenemos mucha experiencia en B2B-Business. Hemos trabajado con clientes de diversas industrias y sectores, y sabemos c\u00f3mo adaptar nuestros servicios a sus necesidades y retos espec\u00edficos. Tenemos un historial demostrado de entrega de trabajos de alta calidad y superaci\u00f3n de expectativas.<br\/><br\/>Estamos seguros de que podemos ayudarle a alcanzar sus objetivos y hacer crecer su negocio con nuestros conocimientos y experiencia.<\/p><\/div><\/div>\n<\/div>\n<\/div><\/div>\n\n<div class=\"wp-block-uagb-container uagb-block-f3b5d626 alignfull uagb-is-root-container\"><div class=\"uagb-container-inner-blocks-wrap\">\n<div class=\"wp-block-uagb-container uagb-block-0832b71a\">\n<div class=\"wp-block-uagb-container uagb-block-a61307ae\">\n<div class=\"wp-block-uagb-info-box uagb-block-674fb749 uagb-infobox__content-wrap  uagb-infobox-icon-above-title uagb-infobox-image-valign-top\"><div class=\"uagb-ifb-content\"><div class=\"uagb-ifb-title-wrap\"><h2 class=\"uagb-ifb-title\">Haga crecer su negocio en Alemania con nosotros<\/h2><\/div><p class=\"uagb-ifb-desc\">P\u00f3ngase en contacto con nosotros ahora y obtenga una consulta gratuita.<\/p><div class=\"uagb-ifb-button-wrapper wp-block-button\"><a href=\"\/es\/#contact\" class=\"uagb-infobox-cta-link wp-block-button__link\" target=\"_self\" rel=\"noopener noreferrer\" onclick=\"return true;\" alt=\"\"><span class=\"uagb-inline-editing\">Empiece hoy mismo<\/span><\/a><\/div><\/div><\/div>\n<\/div>\n<\/div>\n<\/div><\/div>\n\n<div style=\"height:5px\" aria-hidden=\"true\" class=\"wp-block-spacer\"><\/div>\n","protected":false},"excerpt":{"rendered":"","protected":false},"author":1,"featured_media":2273,"parent":0,"menu_order":300,"comment_status":"closed","ping_status":"closed","template":"","meta":{"_seopress_robots_primary_cat":"","_seopress_titles_title":"Por qu\u00e9 nosotros - Foreign-Markets","_seopress_titles_desc":"Somos su soluci\u00f3n integral para ventas, marketing, traducci\u00f3n, generaci\u00f3n de contactos y estrategia comercial. Haga crecer su negocio en Alemania con nosotros","_seopress_robots_index":"","_uag_custom_page_level_css":"","footnotes":""},"class_list":["post-3121","page","type-page","status-publish","has-post-thumbnail","hentry"],"blocksy_meta":[],"uagb_featured_image_src":{"full":["https:\/\/foreign-markets.eu\/wp-content\/uploads\/why-us-foreign-markets.jpg",1200,500,false],"thumbnail":["https:\/\/foreign-markets.eu\/wp-content\/uploads\/why-us-foreign-markets-150x150.jpg",150,150,true],"medium":["https:\/\/foreign-markets.eu\/wp-content\/uploads\/why-us-foreign-markets-300x125.jpg",300,125,true],"medium_large":["https:\/\/foreign-markets.eu\/wp-content\/uploads\/why-us-foreign-markets-768x320.jpg",768,320,true],"large":["https:\/\/foreign-markets.eu\/wp-content\/uploads\/why-us-foreign-markets-1024x427.jpg",1024,427,true],"1536x1536":["https:\/\/foreign-markets.eu\/wp-content\/uploads\/why-us-foreign-markets.jpg",1200,500,false],"2048x2048":["https:\/\/foreign-markets.eu\/wp-content\/uploads\/why-us-foreign-markets.jpg",1200,500,false]},"uagb_author_info":{"display_name":"admin","author_link":"https:\/\/foreign-markets.eu\/es\/author\/admin\/"},"uagb_comment_info":0,"uagb_excerpt":null,"_links":{"self":[{"href":"https:\/\/foreign-markets.eu\/es\/wp-json\/wp\/v2\/pages\/3121","targetHints":{"allow":["GET"]}}],"collection":[{"href":"https:\/\/foreign-markets.eu\/es\/wp-json\/wp\/v2\/pages"}],"about":[{"href":"https:\/\/foreign-markets.eu\/es\/wp-json\/wp\/v2\/types\/page"}],"author":[{"embeddable":true,"href":"https:\/\/foreign-markets.eu\/es\/wp-json\/wp\/v2\/users\/1"}],"replies":[{"embeddable":true,"href":"https:\/\/foreign-markets.eu\/es\/wp-json\/wp\/v2\/comments?post=3121"}],"version-history":[{"count":6,"href":"https:\/\/foreign-markets.eu\/es\/wp-json\/wp\/v2\/pages\/3121\/revisions"}],"predecessor-version":[{"id":3172,"href":"https:\/\/foreign-markets.eu\/es\/wp-json\/wp\/v2\/pages\/3121\/revisions\/3172"}],"wp:featuredmedia":[{"embeddable":true,"href":"https:\/\/foreign-markets.eu\/es\/wp-json\/wp\/v2\/media\/2273"}],"wp:attachment":[{"href":"https:\/\/foreign-markets.eu\/es\/wp-json\/wp\/v2\/media?parent=3121"}],"curies":[{"name":"wp","href":"https:\/\/api.w.org\/{rel}","templated":true}]}}