{"id":3147,"date":"2023-09-04T15:42:56","date_gmt":"2023-09-04T13:42:56","guid":{"rendered":"https:\/\/foreign-markets.eu\/politica-de-privacidad\/"},"modified":"2024-04-13T20:58:44","modified_gmt":"2024-04-13T18:58:44","slug":"politica-de-privacidad","status":"publish","type":"page","link":"https:\/\/foreign-markets.eu\/es\/politica-de-privacidad\/","title":{"rendered":"Pol\u00edtica de privacidad"},"content":{"rendered":"\n<p>La parte responsable en el sentido de las leyes de protecci\u00f3n de datos, en particular el Reglamento General de Protecci\u00f3n de Datos de la UE (DSGVO), es:<\/p>\n\n<p>SRC &#8211; Sales Readiness Consulting GmbH<br\/>Karneidplatz 32<br\/>81547 M\u00fanich<br\/>Alemania<\/p>\n\n<p><strong>Sus derechos como interesado<\/strong><\/p>\n\n<p>Puede ejercer los siguientes derechos en cualquier momento utilizando los datos de contacto facilitados por nuestro responsable de protecci\u00f3n de datos:<\/p>\n\n<ul class=\"wp-block-list\">\n<li>Informaci\u00f3n sobre sus datos almacenados por nosotros y su tratamiento (art. 15 DSGVO),<\/li>\n\n\n\n<li>Correcci\u00f3n de datos personales incorrectos (art. 16 DSGVO),<\/li>\n\n\n\n<li>supresi\u00f3n de sus datos almacenados por nosotros (art. 17 DSGVO),<\/li>\n\n\n\n<li>Restricci\u00f3n del tratamiento de datos si a\u00fan no estamos autorizados a suprimir sus datos debido a obligaciones legales (art. 18 DSGVO),<\/li>\n\n\n\n<li>oposici\u00f3n al tratamiento de sus datos por nuestra parte (art. 21 DSGVO) y<\/li>\n\n\n\n<li>Portabilidad de los datos, siempre que usted haya dado su consentimiento al tratamiento de los datos o haya celebrado un contrato con nosotros (art. 20 DSGVO).<\/li>\n<\/ul>\n\n<p>Si nos ha dado su consentimiento, puede revocarlo en cualquier momento con efectos para el futuro.<\/p>\n\n<p>Puede presentar una reclamaci\u00f3n ante una autoridad de control en cualquier momento, por ejemplo, la autoridad de control competente en el Estado federal de su residencia o la autoridad responsable de nosotros como responsables del tratamiento.<\/p>\n\n<p>La lista de autoridades supervisoras (para el sector no p\u00fablico) con su direcci\u00f3n puede consultarse en: <a href=\"https:\/\/www.bfdi.bund.de\/DE\/Service\/Anschriften\/Laender\/Laender-node.html\">https:\/\/www.bfdi.bund.de\/DE\/Service\/Anschriften\/Laender\/Laender-node.html<\/a>.<\/p>\n\n<p><strong>Transferencia a un tercer pa\u00eds:<\/strong><\/p>\n\n<p>Los datos recogidos podr\u00e1n transferirse a los siguientes terceros pa\u00edses:<\/p>\n\n<p>no<\/p>\n\n<p>Existen las siguientes garant\u00edas de protecci\u00f3n de datos:<\/p>\n\n<p><strong>Cookies<\/strong><\/p>\n\n<p>Como muchos otros sitios web, tambi\u00e9n utilizamos las llamadas \u00abcookies\u00bb. Las cookies son peque\u00f1os archivos de texto que se almacenan en su dispositivo final (ordenador port\u00e1til, tableta, tel\u00e9fono inteligente o similar) cuando visita nuestro sitio web.<\/p>\n\n<p>Puede eliminar cookies individuales o todo el inventario de cookies. Adem\u00e1s, recibir\u00e1 informaci\u00f3n e instrucciones sobre c\u00f3mo eliminar estas cookies o bloquear su almacenamiento con antelaci\u00f3n. Dependiendo del proveedor de su navegador, encontrar\u00e1 la informaci\u00f3n necesaria en los siguientes enlaces:<\/p>\n\n<ul class=\"wp-block-list\">\n<li>Mozilla Firefox: <a href=\"https:\/\/support.mozilla.org\/de\/kb\/cookies-loeschen-daten-von-websites-entfernen\">https:\/\/support.mozilla.org\/de\/kb\/cookies-loeschen-daten-von-websites-entfernen<\/a><\/li>\n\n\n\n<li>Internet Explorer: <a href=\"https:\/\/support.microsoft.com\/de-de\/help\/17442\/windows-internet-explorer-delete-manage-cookies\">https:\/\/support.microsoft.com\/de-de\/help\/17442\/windows-internet-explorer-delete-manage-cookies<\/a><\/li>\n\n\n\n<li>Google Chrome: <a href=\"https:\/\/support.google.com\/accounts\/answer\/61416?hl=de\">https:\/\/support.google.com\/accounts\/answer\/61416?hl=de<\/a><\/li>\n\n\n\n<li>\u00d3pera: <a href=\"http:\/\/www.opera.com\/de\/help\">http:\/\/www.opera.com\/de\/help<\/a><\/li>\n\n\n\n<li>Safari: <a href=\"https:\/\/support.apple.com\/kb\/PH17191?locale=de_DE&amp;viewlocale=de_DE\">https:\/\/support.apple.com\/kb\/PH17191?locale=de_DE&amp;viewlocale=de_DE<\/a><\/li>\n<\/ul>\n\n<p><strong>Duraci\u00f3n del almacenamiento y cookies utilizadas:<\/strong><\/p>\n\n<p>Si nos permite utilizar cookies a trav\u00e9s de la configuraci\u00f3n o el consentimiento de su navegador, es posible que en nuestros sitios web se utilicen las siguientes cookies:<\/p>\n\n<p>Memoria de la sesi\u00f3n<\/p>\n\n<p><strong>Cookies t\u00e9cnicamente necesarias<\/strong><\/p>\n\n<p><strong>Tipo y finalidad del tratamiento:<\/strong><\/p>\n\n<p>Utilizamos cookies para que nuestro sitio web sea m\u00e1s f\u00e1cil de usar. Algunos elementos de nuestro sitio web requieren que se pueda identificar el navegador de llamada incluso despu\u00e9s de un cambio de p\u00e1gina.<\/p>\n\n<p>La finalidad del uso de cookies t\u00e9cnicamente necesarias es simplificar el uso de los sitios web a los usuarios. Algunas funciones de nuestro sitio web no pueden ofrecerse sin el uso de cookies. Para ello, es necesario que el navegador sea reconocido incluso despu\u00e9s de un cambio de p\u00e1gina.<\/p>\n\n<p>Necesitamos cookies para las siguientes aplicaciones:<\/p>\n\n<p><strong>Base jur\u00eddica e inter\u00e9s leg\u00edtimo:<\/strong><\/p>\n\n<p>El tratamiento se lleva a cabo de conformidad con el art. 6 (1) lit. f DSGVO sobre la base de nuestro inter\u00e9s leg\u00edtimo en un dise\u00f1o f\u00e1cil de usar de nuestro sitio web. <\/p>\n\n<p><strong>Beneficiarios:<\/strong><\/p>\n\n<p>Los destinatarios de los datos pueden ser proveedores de servicios t\u00e9cnicos que act\u00faan como procesadores de pedidos para el funcionamiento y mantenimiento de nuestro sitio web.<\/p>\n\n<p><strong>Transferencia a un tercer pa\u00eds:<\/strong><\/p>\n\n<p>Los datos recogidos podr\u00e1n transferirse a los siguientes terceros pa\u00edses:<\/p>\n\n<p>no<\/p>\n\n<p>Existen las siguientes garant\u00edas de protecci\u00f3n de datos:<\/p>\n\n<p><strong>Disposici\u00f3n obligatoria o requerida:<\/strong><\/p>\n\n<p>El suministro de los datos personales mencionados no es obligatorio por ley o por contrato. Sin embargo, sin estos datos, el servicio y la funcionalidad de nuestro sitio web no pueden garantizarse. Adem\u00e1s, es posible que determinados servicios y prestaciones no est\u00e9n disponibles o est\u00e9n restringidos.<\/p>\n\n<p>Protesto<\/p>\n\n<p>Por favor, lea la informaci\u00f3n sobre su derecho de oposici\u00f3n seg\u00fan el Art. 21 DSGVO m\u00e1s abajo.<\/p>\n\n<p><strong>Formulario de contacto<\/strong><\/p>\n\n<p><strong>Tipo y finalidad del tratamiento:<\/strong><\/p>\n\n<p>Los datos que introduzca se almacenar\u00e1n a efectos de comunicaci\u00f3n individual con usted. Para ello, es necesario facilitar una direcci\u00f3n de correo electr\u00f3nico v\u00e1lida y su nombre. Esto sirve para asignar la consulta y responderla posteriormente. El suministro de m\u00e1s datos es opcional.<\/p>\n\n<p><strong>Base jur\u00eddica:<\/strong><\/p>\n\n<p>El tratamiento de los datos introducidos en el formulario de contacto se basa en un inter\u00e9s leg\u00edtimo (Art. 6 p\u00e1rrafo 1 lit. f DSGVO).<\/p>\n\n<p>Con el formulario de contacto queremos que pueda ponerse en contacto con nosotros sin complicaciones. La informaci\u00f3n que proporcione se almacenar\u00e1 con el fin de procesar la consulta y para posibles preguntas de seguimiento.<\/p>\n\n<p>Si se pone en contacto con nosotros para solicitar un presupuesto, los datos introducidos en el formulario de contacto se tratar\u00e1n para llevar a cabo medidas precontractuales (art. 6, apdo. 1 lit. b DSGVO).<\/p>\n\n<p><strong>Beneficiarios:<\/strong><\/p>\n\n<p>Los destinatarios de los datos son, en su caso, los procesadores de pedidos.<\/p>\n\n<p><strong>Transferencia a un tercer pa\u00eds:<\/strong><\/p>\n\n<p>Los datos recogidos podr\u00e1n transferirse a los siguientes terceros pa\u00edses:<\/p>\n\n<p>no<\/p>\n\n<p>Existen las siguientes garant\u00edas de protecci\u00f3n de datos:<\/p>\n\n<p><strong>Periodo de almacenamiento:<\/strong><\/p>\n\n<p>Los datos se suprimir\u00e1n a m\u00e1s tardar 6 meses despu\u00e9s de procesar la consulta.<\/p>\n\n<p>Si surge una relaci\u00f3n contractual, estamos sujetos a los periodos de conservaci\u00f3n legales seg\u00fan el C\u00f3digo de Comercio alem\u00e1n (HGB) y eliminaremos sus datos una vez transcurridos dichos periodos.<\/p>\n\n<p><strong>Disposici\u00f3n obligatoria o requerida:<\/strong><\/p>\n\n<p>El suministro de sus datos personales es voluntario. No obstante, s\u00f3lo podremos tramitar su solicitud si nos facilita su nombre, direcci\u00f3n de correo electr\u00f3nico y el motivo de la solicitud.<\/p>\n\n<p><strong>Cifrado SSL<\/strong><\/p>\n\n<p>Para proteger la seguridad de sus datos durante la transmisi\u00f3n, utilizamos procedimientos de cifrado de \u00faltima generaci\u00f3n (por ejemplo, SSL) a trav\u00e9s de HTTPS.<\/p>\n\n<p>Informaci\u00f3n sobre su derecho de oposici\u00f3n con arreglo al art. 21 DSGVO<\/p>\n\n<p><strong>Derecho individual de oposici\u00f3n<\/strong><\/p>\n\n<p>Tiene derecho a oponerse en cualquier momento, por motivos relacionados con su situaci\u00f3n particular, al tratamiento de los datos personales que le conciernen y que se lleva a cabo sobre la base del Art. 6(1)(f) DSGVO (tratamiento de datos basado en un equilibrio de intereses); esto tambi\u00e9n se aplica a la elaboraci\u00f3n de perfiles basada en esta disposici\u00f3n en el sentido del Art. 4 n.\u00ba 4 DSGVO.<\/p>\n\n<p>Si se opone, dejaremos de tratar sus datos personales a menos que podamos demostrar motivos leg\u00edtimos imperiosos para el tratamiento que prevalezcan sobre sus intereses, derechos y libertades, o el tratamiento sirva para hacer valer, ejercer o defender reclamaciones legales.<\/p>\n\n<p><strong>Destinatarios de una objeci\u00f3n<\/strong><\/p>\n\n<p>SRC &#8211; Sales Readiness Consulting GmbH<br\/>Karneidplatz 32<br\/>81547 M\u00fanich<br\/>Alemania<\/p>\n\n<p><strong>Cambios en nuestra pol\u00edtica de privacidad<\/strong><\/p>\n\n<p>Nos reservamos el derecho a adaptar esta declaraci\u00f3n de protecci\u00f3n de datos para que cumpla siempre los requisitos legales vigentes o para introducir cambios en nuestros servicios en la declaraci\u00f3n de protecci\u00f3n de datos, por ejemplo, al introducir nuevos servicios. La nueva declaraci\u00f3n de protecci\u00f3n de datos se aplicar\u00e1 a su pr\u00f3xima visita.<\/p>\n\n<p><strong>Preguntas para el responsable de la protecci\u00f3n de datos<\/strong><\/p>\n\n<p>Si tiene alguna pregunta sobre la protecci\u00f3n de datos, escr\u00edbanos un correo electr\u00f3nico o p\u00f3ngase en contacto directamente con la persona responsable de la protecci\u00f3n de datos en nuestra organizaci\u00f3n:<\/p>\n\n<p>SRC &#8211; Sales Readiness Consulting GmbH<br\/>Alexander Fischer<br\/>Karneidplatz 32<br\/>81547 M\u00fanich<br\/>Alemania<\/p>\n\n<p>Esta declaraci\u00f3n de privacidad ha sido elaborada con la ayuda de activeMind AG, expertos en protecci\u00f3n de datos externos (versi\u00f3n n\u00ba 2020-09-30).<\/p>\n","protected":false},"excerpt":{"rendered":"<p>La parte responsable en el sentido de las leyes de protecci\u00f3n de datos, en particular el Reglamento General de Protecci\u00f3n de Datos de la UE (DSGVO), es: SRC &#8211; Sales Readiness Consulting GmbHKarneidplatz 3281547 M\u00fanichAlemania Sus derechos como interesado Puede ejercer los siguientes derechos en cualquier momento utilizando los datos de contacto facilitados por nuestro [&hellip;]<\/p>\n","protected":false},"author":1,"featured_media":0,"parent":0,"menu_order":710,"comment_status":"closed","ping_status":"closed","template":"","meta":{"_seopress_robots_primary_cat":"","_seopress_titles_title":"Pol\u00edtica de privacidad - Foreign-Markets","_seopress_titles_desc":"Esta es la pol\u00edtica de privacidad de Foreign-Markets. La parte responsable en el sentido de las leyes de protecci\u00f3n de datos, en particular el Reglamento General de Protecci\u00f3n de Datos de la UE (GDPR), es SRC - Sales Readiness Consulting GmbH.","_seopress_robots_index":"s\u00ed","_uag_custom_page_level_css":"","footnotes":""},"class_list":["post-3147","page","type-page","status-publish","hentry"],"blocksy_meta":[],"uagb_featured_image_src":{"full":false,"thumbnail":false,"medium":false,"medium_large":false,"large":false,"1536x1536":false,"2048x2048":false},"uagb_author_info":{"display_name":"admin","author_link":"https:\/\/foreign-markets.eu\/es\/author\/admin\/"},"uagb_comment_info":0,"uagb_excerpt":"La parte responsable en el sentido de las leyes de protecci\u00f3n de datos, en particular el Reglamento General de Protecci\u00f3n de Datos de la UE (DSGVO), es: SRC &#8211; Sales Readiness Consulting GmbHKarneidplatz 3281547 M\u00fanichAlemania Sus derechos como interesado Puede ejercer los siguientes derechos en cualquier momento utilizando los datos de contacto facilitados por nuestro&hellip;","_links":{"self":[{"href":"https:\/\/foreign-markets.eu\/es\/wp-json\/wp\/v2\/pages\/3147","targetHints":{"allow":["GET"]}}],"collection":[{"href":"https:\/\/foreign-markets.eu\/es\/wp-json\/wp\/v2\/pages"}],"about":[{"href":"https:\/\/foreign-markets.eu\/es\/wp-json\/wp\/v2\/types\/page"}],"author":[{"embeddable":true,"href":"https:\/\/foreign-markets.eu\/es\/wp-json\/wp\/v2\/users\/1"}],"replies":[{"embeddable":true,"href":"https:\/\/foreign-markets.eu\/es\/wp-json\/wp\/v2\/comments?post=3147"}],"version-history":[{"count":6,"href":"https:\/\/foreign-markets.eu\/es\/wp-json\/wp\/v2\/pages\/3147\/revisions"}],"predecessor-version":[{"id":3196,"href":"https:\/\/foreign-markets.eu\/es\/wp-json\/wp\/v2\/pages\/3147\/revisions\/3196"}],"wp:attachment":[{"href":"https:\/\/foreign-markets.eu\/es\/wp-json\/wp\/v2\/media?parent=3147"}],"curies":[{"name":"wp","href":"https:\/\/api.w.org\/{rel}","templated":true}]}}