{"id":2782,"date":"2023-12-17T12:37:33","date_gmt":"2023-12-17T11:37:33","guid":{"rendered":"https:\/\/foreign-markets.eu\/votre-equipe-en-allemagne\/"},"modified":"2024-06-26T07:37:44","modified_gmt":"2024-06-26T05:37:44","slug":"votre-equipe-en-allemagne","status":"publish","type":"page","link":"https:\/\/foreign-markets.eu\/fr\/votre-equipe-en-allemagne\/","title":{"rendered":"Votre \u00e9quipe en Allemagne"},"content":{"rendered":"\n<div class=\"wp-block-uagb-container uagb-block-940ab869 alignfull uagb-is-root-container\"><div class=\"uagb-container-inner-blocks-wrap\">\n<div class=\"wp-block-uagb-image aligncenter uagb-block-60e21f3d wp-block-uagb-image--layout-default wp-block-uagb-image--effect-static wp-block-uagb-image--align-center\"><figure class=\"wp-block-uagb-image__figure\"><img decoding=\"async\" srcset=\"https:\/\/foreign-markets.eu\/wp-content\/uploads\/your-team-in-germany-foreign-markets.jpg ,https:\/\/foreign-markets.eu\/wp-content\/uploads\/your-team-in-germany-foreign-markets.jpg 780w, https:\/\/foreign-markets.eu\/wp-content\/uploads\/your-team-in-germany-foreign-markets.jpg 360w\" sizes=\"auto, (max-width: 480px) 150px\" src=\"https:\/\/foreign-markets.eu\/wp-content\/uploads\/your-team-in-germany-foreign-markets.jpg\" alt=\"\" class=\"uag-image-2651\" width=\"1200\" height=\"500\" title=\"\" loading=\"lazy\" role=\"img\"\/><\/figure><\/div>\r\n\n\n\n<div class=\"wp-block-uagb-container uagb-block-49dba531\">\n<h1 class=\"wp-block-heading has-text-align-center\">Votre \u00e9quipe de marketing et de vente en Allemagne<\/h1>\n\n\n\n<p class=\"has-text-align-center\">Nous sommes un groupe de professionnels exp\u00e9riment\u00e9s et d\u00e9vou\u00e9s qui peuvent vous aider \u00e0 \u00e9tablir et \u00e0 d\u00e9velopper votre entreprise en Allemagne. Que vous ayez besoin d&rsquo;un bureau virtuel, d&rsquo;une campagne de marketing, d&rsquo;une gestion compl\u00e8te des ventes ou simplement d&rsquo;un appel t\u00e9l\u00e9phonique rapide en allemand, nous avons la solution qu&rsquo;il vous faut.<\/p>\n<\/div>\n<\/div><\/div>\n\n<div style=\"height:55px\" aria-hidden=\"true\" class=\"wp-block-spacer\"><\/div>\n\n<div class=\"wp-block-uagb-container uagb-block-5e5c4f5e alignfull uagb-is-root-container\"><div class=\"uagb-container-inner-blocks-wrap\">\n<h2 class=\"wp-block-heading has-text-align-center\" style=\"font-size:clamp(20px, 1.25rem + ((1vw - 3.2px) * 0.938), 32px);\">Comment nous pouvons vous aider \u00e0 r\u00e9ussir : Nos offres de services<\/h2>\n\n\n\n<p class=\"has-text-align-center\">Nos offres de services sont con\u00e7ues pour r\u00e9pondre \u00e0 vos besoins et objectifs sp\u00e9cifiques. Voici un bref aper\u00e7u de ce que nous proposons :<\/p>\n<\/div><\/div>\n\n<div class=\"wp-block-uagb-container uagb-block-57bd42f5 alignfull uagb-is-root-container\"><div class=\"uagb-container-inner-blocks-wrap\">\n<div class=\"wp-block-media-text is-stacked-on-mobile\" style=\"grid-template-columns:15% auto\"><figure class=\"wp-block-media-text__media\"><a href=\"https:\/\/foreign-markets.eu\/fr\/votre-equipe-en-allemagne\/fondation-i-presence-au-bureau-allemagne\/\"><img loading=\"lazy\" decoding=\"async\" width=\"1024\" height=\"427\" src=\"https:\/\/foreign-markets.eu\/wp-content\/uploads\/\/foundation-passive-office-foreign-markets-1024x427.jpg\" alt=\"\" class=\"wp-image-2628 size-full\" srcset=\"https:\/\/foreign-markets.eu\/wp-content\/uploads\/foundation-passive-office-foreign-markets-1024x427.jpg 1024w, https:\/\/foreign-markets.eu\/wp-content\/uploads\/foundation-passive-office-foreign-markets-300x125.jpg 300w, https:\/\/foreign-markets.eu\/wp-content\/uploads\/foundation-passive-office-foreign-markets-768x320.jpg 768w, https:\/\/foreign-markets.eu\/wp-content\/uploads\/foundation-passive-office-foreign-markets.jpg 1200w\" sizes=\"auto, (max-width: 1024px) 100vw, 1024px\" \/><\/a><\/figure><div class=\"wp-block-media-text__content\">\n<div class=\"wp-block-uagb-call-to-action uagb-block-f7f6315c wp-block-button\"><div class=\"uagb-cta__wrap\"><h3 class=\"uagb-cta__title\"><a href=\"https:\/\/foreign-markets.eu\/fr\/votre-equipe-en-allemagne\/fondation-i-presence-au-bureau-allemagne\/\">Fondation I : Pr\u00e9sence en Allemagne<\/a><\/h3><p class=\"uagb-cta__desc\">Cette formule est id\u00e9ale pour les entreprises qui souhaitent sonder le march\u00e9 allemand avec un minimum de risques et d&rsquo;investissements. En plus d&rsquo;un site Internet allemand, vous obtiendrez une adresse postale, un num\u00e9ro de t\u00e9l\u00e9phone local +49 auquel nous r\u00e9pondons pendant les heures de bureau, et une adresse \u00e9lectronique distincte pour notre correspondance allemande en votre nom. Une fois ce <a href=\"https:\/\/foreign-markets.eu\/fr\/votre-equipe-en-allemagne\/fondation-i-presence-au-bureau-allemagne\/\" data-type=\"page\" data-id=\"2472\">Fondation I<\/a> mis en place, des <a href=\"https:\/\/foreign-markets.eu\/fr\/nous-vous-proposons\/#leadgeneration\">mesures de g\u00e9n\u00e9ration de leads<\/a> pr\u00e9cis\u00e9ment cibl\u00e9es peuvent \u00eatre prises.<\/p><\/div><div class=\"uagb-cta__buttons\"><a href=\"https:\/\/foreign-markets.eu\/fr\/votre-equipe-en-allemagne\/fondation-i-presence-au-bureau-allemagne\/\" class=\"uagb-cta__button-link-wrapper wp-block-button__link\" target=\"_self\" rel=\"noopener noreferrer\">En savoir plus<\/a><\/div><\/div>\n<\/div><\/div>\n\n\n\n<div style=\"height:20px\" aria-hidden=\"true\" class=\"wp-block-spacer\"><\/div>\n\n\n\n<div class=\"wp-block-media-text is-stacked-on-mobile\" style=\"grid-template-columns:15% auto\"><figure class=\"wp-block-media-text__media\"><a href=\"https:\/\/foreign-markets.eu\/fr\/votre-equipe-en-allemagne\/entree-sur-le-marche-allemand\/\"><img loading=\"lazy\" decoding=\"async\" width=\"1024\" height=\"427\" src=\"https:\/\/foreign-markets.eu\/wp-content\/uploads\/\/market-entry-package-germany-foreign-markets-1024x427.jpeg\" alt=\"\" class=\"wp-image-2694 size-full\" srcset=\"https:\/\/foreign-markets.eu\/wp-content\/uploads\/market-entry-package-germany-foreign-markets-1024x427.jpeg 1024w, https:\/\/foreign-markets.eu\/wp-content\/uploads\/market-entry-package-germany-foreign-markets-300x125.jpeg 300w, https:\/\/foreign-markets.eu\/wp-content\/uploads\/market-entry-package-germany-foreign-markets-768x320.jpeg 768w, https:\/\/foreign-markets.eu\/wp-content\/uploads\/market-entry-package-germany-foreign-markets.jpeg 1200w\" sizes=\"auto, (max-width: 1024px) 100vw, 1024px\" \/><\/a><\/figure><div class=\"wp-block-media-text__content\">\n<div class=\"wp-block-uagb-call-to-action uagb-block-5c5fff17 wp-block-button\"><div class=\"uagb-cta__wrap\"><h3 class=\"uagb-cta__title\"><a href=\"https:\/\/foreign-markets.eu\/fr\/votre-equipe-en-allemagne\/entree-sur-le-marche-allemand\/\">Preuve de concept : Paquet d&rsquo;entr\u00e9e sur le march\u00e9 Allemagne<\/a><\/h3><p class=\"uagb-cta__desc\">Nous vous proposons une approche contr\u00f4l\u00e9e et sur mesure, \u00e9tape par \u00e9tape, pour lancer et d\u00e9velopper votre entreprise en Allemagne : pendant une p\u00e9riode d\u00e9finie, nous contactons les acteurs du march\u00e9 en votre nom et essayons d&rsquo;obtenir le plus grand nombre possible de r\u00e9actions de la part du march\u00e9. Cette <a href=\"https:\/\/foreign-markets.eu\/fr\/votre-equipe-en-allemagne\/entree-sur-le-marche-allemand\/\" data-type=\"page\" data-id=\"2579\">d\u00e9monstration de faisabilit\u00e9<\/a> vous permettra d&rsquo;\u00e9tablir vos premiers contacts concrets en Allemagne et les informations que vous obtiendrez vous fourniront une base de d\u00e9cision beaucoup plus fiable pour les <a href=\"https:\/\/foreign-markets.eu\/fr\/nous-vous-proposons\/\" data-type=\"page\" data-id=\"2421\">\u00e9tapes suivantes<\/a>.<\/p><\/div><div class=\"uagb-cta__buttons\"><a href=\"https:\/\/foreign-markets.eu\/fr\/votre-equipe-en-allemagne\/entree-sur-le-marche-allemand\/\" class=\"uagb-cta__button-link-wrapper wp-block-button__link\" target=\"_self\" rel=\"noopener noreferrer\">En savoir plus<\/a><\/div><\/div>\n<\/div><\/div>\n<\/div><\/div>\n\n<p class=\"has-text-align-center\">Pour un aper\u00e7u plus d\u00e9taill\u00e9 de notre gamme compl\u00e8te d&rsquo;activit\u00e9s de vente et de marketing, veuillez consulter la page <a href=\"https:\/\/foreign-markets.eu\/fr\/nous-vous-proposons\/\">Nous vous offrons<\/a><\/p>\n\n<div style=\"height:41px\" aria-hidden=\"true\" class=\"wp-block-spacer\"><\/div>\n\n<div class=\"wp-block-uagb-container uagb-block-f3b5d626 alignfull uagb-is-root-container\"><div class=\"uagb-container-inner-blocks-wrap\">\n<div class=\"wp-block-uagb-container uagb-block-0832b71a\">\n<div class=\"wp-block-uagb-container uagb-block-a61307ae\">\n<div class=\"wp-block-uagb-info-box uagb-block-674fb749 uagb-infobox__content-wrap  uagb-infobox-icon-above-title uagb-infobox-image-valign-top\"><div class=\"uagb-ifb-content\"><div class=\"uagb-ifb-title-wrap\"><h2 class=\"uagb-ifb-title\">D\u00e9marrez votre entreprise allemande avec nous !<\/h2><\/div><p class=\"uagb-ifb-desc\">Contactez-nous d\u00e8s aujourd&rsquo;hui et laissez-nous vous aider \u00e0 atteindre vos objectifs d&rsquo;entr\u00e9e sur le march\u00e9 allemand. <br\/><br\/>Nous esp\u00e9rons avoir bient\u00f4t de vos nouvelles !<\/p><div class=\"uagb-ifb-button-wrapper wp-block-button\"><a href=\"\/fr\/#contact\" class=\"uagb-infobox-cta-link wp-block-button__link\" target=\"_self\" rel=\"noopener noreferrer\" onclick=\"return true;\" alt=\"\"><span class=\"uagb-inline-editing\">Commencez d\u00e8s aujourd&rsquo;hui<\/span><\/a><\/div><\/div><\/div>\n<\/div>\n<\/div>\n<\/div><\/div>\n","protected":false},"excerpt":{"rendered":"<p>Votre \u00e9quipe de marketing et de vente en Allemagne Nous sommes un groupe de professionnels exp\u00e9riment\u00e9s et d\u00e9vou\u00e9s qui peuvent vous aider \u00e0 \u00e9tablir et \u00e0 d\u00e9velopper votre entreprise en Allemagne. Que vous ayez besoin d&rsquo;un bureau virtuel, d&rsquo;une campagne de marketing, d&rsquo;une gestion compl\u00e8te des ventes ou simplement d&rsquo;un appel t\u00e9l\u00e9phonique rapide en allemand, [&hellip;]<\/p>\n","protected":false},"author":2,"featured_media":0,"parent":0,"menu_order":100,"comment_status":"closed","ping_status":"closed","template":"","meta":{"_seopress_robots_primary_cat":"","_seopress_titles_title":"Votre \u00e9quipe en Allemagne - Foreign Markets","_seopress_titles_desc":"Votre \u00e9quipe de bureau en Allemagne : Des solutions professionnelles et flexibles pour votre entr\u00e9e sur le march\u00e9 allemand. \u27a1\ufe0f Contactez-nous d\u00e8s aujourd'hui pour obtenir une consultation gratuite.","_seopress_robots_index":"","_uag_custom_page_level_css":"","footnotes":""},"class_list":["post-2782","page","type-page","status-publish","hentry"],"blocksy_meta":[],"uagb_featured_image_src":{"full":false,"thumbnail":false,"medium":false,"medium_large":false,"large":false,"1536x1536":false,"2048x2048":false},"uagb_author_info":{"display_name":"SRC00","author_link":"https:\/\/foreign-markets.eu\/fr\/author\/src00\/"},"uagb_comment_info":0,"uagb_excerpt":"Votre \u00e9quipe de marketing et de vente en Allemagne Nous sommes un groupe de professionnels exp\u00e9riment\u00e9s et d\u00e9vou\u00e9s qui peuvent vous aider \u00e0 \u00e9tablir et \u00e0 d\u00e9velopper votre entreprise en Allemagne. Que vous ayez besoin d&rsquo;un bureau virtuel, d&rsquo;une campagne de marketing, d&rsquo;une gestion compl\u00e8te des ventes ou simplement d&rsquo;un appel t\u00e9l\u00e9phonique rapide en allemand,\u2026","_links":{"self":[{"href":"https:\/\/foreign-markets.eu\/fr\/wp-json\/wp\/v2\/pages\/2782","targetHints":{"allow":["GET"]}}],"collection":[{"href":"https:\/\/foreign-markets.eu\/fr\/wp-json\/wp\/v2\/pages"}],"about":[{"href":"https:\/\/foreign-markets.eu\/fr\/wp-json\/wp\/v2\/types\/page"}],"author":[{"embeddable":true,"href":"https:\/\/foreign-markets.eu\/fr\/wp-json\/wp\/v2\/users\/2"}],"replies":[{"embeddable":true,"href":"https:\/\/foreign-markets.eu\/fr\/wp-json\/wp\/v2\/comments?post=2782"}],"version-history":[{"count":43,"href":"https:\/\/foreign-markets.eu\/fr\/wp-json\/wp\/v2\/pages\/2782\/revisions"}],"predecessor-version":[{"id":3535,"href":"https:\/\/foreign-markets.eu\/fr\/wp-json\/wp\/v2\/pages\/2782\/revisions\/3535"}],"wp:attachment":[{"href":"https:\/\/foreign-markets.eu\/fr\/wp-json\/wp\/v2\/media?parent=2782"}],"curies":[{"name":"wp","href":"https:\/\/api.w.org\/{rel}","templated":true}]}}