{"id":2802,"date":"2023-09-21T05:38:44","date_gmt":"2023-09-21T03:38:44","guid":{"rendered":"https:\/\/foreign-markets.eu\/impression\/"},"modified":"2024-04-10T09:08:05","modified_gmt":"2024-04-10T07:08:05","slug":"mentions-legales","status":"publish","type":"page","link":"https:\/\/foreign-markets.eu\/fr\/mentions-legales\/","title":{"rendered":"Mentions l\u00e9gales"},"content":{"rendered":"\n<p><strong>Prestataire de services<\/strong><\/p>\n\n<p>SRC &#8211; Sales Readiness Consulting GmbH<br\/>Karneidplatz 32<br\/>81547 Munich<br\/>Allemagne<\/p>\n\n<p><strong>Contact<\/strong><\/p>\n\n<p>Courriel : info@sales-readiness.de<br\/>T\u00e9l\u00e9phone : +49-8442-9231500<\/p>\n\n<p><strong>Repr\u00e9sentants autoris\u00e9s<\/strong><\/p>\n\n<p><strong>A<\/strong>lexander Fischer (Directeur g\u00e9n\u00e9ral)<\/p>\n\n<p><strong>Coordonn\u00e9es de l&rsquo;entreprise<\/strong><\/p>\n\n<p>Num\u00e9ro d&rsquo;identification de la taxe sur la valeur ajout\u00e9e (ID TVA) : DE 360 337 034<\/p>\n\n<p><strong>Registre du commerce<\/strong><\/p>\n\n<p><strong>Amtsgericht<\/strong> M\u00fcnchen<br\/><strong>Num\u00e9ro : <\/strong>HRB 282094<\/p>\n\n<p><strong>D\u00e9tails de l&rsquo;assurance responsabilit\u00e9 civile professionnelle conform\u00e9ment \u00e0 l&rsquo;article 2, paragraphe 1, de la loi sur l&rsquo;assurance. 1 N\u00b0 11 DL-InfoV <\/strong><\/p>\n\n<p><strong>Nom et adresse de l&rsquo;assureur :<\/strong><br\/>R+V Allgemeine Versicherung AG<br\/>Chemin de Mittlerer 24<br\/>70499 Stuttgart<\/p>\n\n<p><strong>Cr\u00e9dits photos<\/strong><\/p>\n\n<p><strong>Sources des images et informations sur les droits d&rsquo;auteur :<\/strong><\/p>\n\n<p>https:\/\/stock.adobe.com\/<\/p>\n\n<div style=\"height:10px\" aria-hidden=\"true\" class=\"wp-block-spacer\"><\/div>\n","protected":false},"excerpt":{"rendered":"<p>Prestataire de services SRC &#8211; Sales Readiness Consulting GmbHKarneidplatz 3281547 MunichAllemagne Contact Courriel : info@sales-readiness.deT\u00e9l\u00e9phone : +49-8442-9231500 Repr\u00e9sentants autoris\u00e9s Alexander Fischer (Directeur g\u00e9n\u00e9ral) Coordonn\u00e9es de l&rsquo;entreprise Num\u00e9ro d&rsquo;identification de la taxe sur la valeur ajout\u00e9e (ID TVA) : DE 360 337 034 Registre du commerce Amtsgericht M\u00fcnchenNum\u00e9ro : HRB 282094 D\u00e9tails de l&rsquo;assurance responsabilit\u00e9 civile [&hellip;]<\/p>\n","protected":false},"author":1,"featured_media":0,"parent":0,"menu_order":900,"comment_status":"closed","ping_status":"closed","template":"","meta":{"_seopress_robots_primary_cat":"","_seopress_titles_title":"Imprint - Foreign-Markets","_seopress_titles_desc":"","_seopress_robots_index":"yes","_uag_custom_page_level_css":"","footnotes":""},"class_list":["post-2802","page","type-page","status-publish","hentry"],"blocksy_meta":[],"uagb_featured_image_src":{"full":false,"thumbnail":false,"medium":false,"medium_large":false,"large":false,"1536x1536":false,"2048x2048":false},"uagb_author_info":{"display_name":"admin","author_link":"https:\/\/foreign-markets.eu\/fr\/author\/admin\/"},"uagb_comment_info":0,"uagb_excerpt":"Prestataire de services SRC &#8211; Sales Readiness Consulting GmbHKarneidplatz 3281547 MunichAllemagne Contact Courriel : info@sales-readiness.deT\u00e9l\u00e9phone : +49-8442-9231500 Repr\u00e9sentants autoris\u00e9s Alexander Fischer (Directeur g\u00e9n\u00e9ral) Coordonn\u00e9es de l&rsquo;entreprise Num\u00e9ro d&rsquo;identification de la taxe sur la valeur ajout\u00e9e (ID TVA) : DE 360 337 034 Registre du commerce Amtsgericht M\u00fcnchenNum\u00e9ro : HRB 282094 D\u00e9tails de l&rsquo;assurance responsabilit\u00e9 civile\u2026","_links":{"self":[{"href":"https:\/\/foreign-markets.eu\/fr\/wp-json\/wp\/v2\/pages\/2802","targetHints":{"allow":["GET"]}}],"collection":[{"href":"https:\/\/foreign-markets.eu\/fr\/wp-json\/wp\/v2\/pages"}],"about":[{"href":"https:\/\/foreign-markets.eu\/fr\/wp-json\/wp\/v2\/types\/page"}],"author":[{"embeddable":true,"href":"https:\/\/foreign-markets.eu\/fr\/wp-json\/wp\/v2\/users\/1"}],"replies":[{"embeddable":true,"href":"https:\/\/foreign-markets.eu\/fr\/wp-json\/wp\/v2\/comments?post=2802"}],"version-history":[{"count":12,"href":"https:\/\/foreign-markets.eu\/fr\/wp-json\/wp\/v2\/pages\/2802\/revisions"}],"predecessor-version":[{"id":2992,"href":"https:\/\/foreign-markets.eu\/fr\/wp-json\/wp\/v2\/pages\/2802\/revisions\/2992"}],"wp:attachment":[{"href":"https:\/\/foreign-markets.eu\/fr\/wp-json\/wp\/v2\/media?parent=2802"}],"curies":[{"name":"wp","href":"https:\/\/api.w.org\/{rel}","templated":true}]}}