{"id":2813,"date":"2023-11-15T14:24:55","date_gmt":"2023-11-15T13:24:55","guid":{"rendered":"https:\/\/foreign-markets.eu\/pourquoi-nous\/"},"modified":"2024-04-12T01:50:20","modified_gmt":"2024-04-11T23:50:20","slug":"pourquoi-nous","status":"publish","type":"page","link":"https:\/\/foreign-markets.eu\/fr\/pourquoi-nous\/","title":{"rendered":"Pourquoi nous"},"content":{"rendered":"\n<div class=\"wp-block-uagb-container uagb-block-7fa22420 alignfull uagb-is-root-container\"><div class=\"uagb-container-inner-blocks-wrap\">\n<div class=\"wp-block-uagb-image aligncenter uagb-block-c965ce08 wp-block-uagb-image--layout-default wp-block-uagb-image--effect-static wp-block-uagb-image--align-center\"><figure class=\"wp-block-uagb-image__figure\"><img decoding=\"async\" srcset=\"https:\/\/foreign-markets.eu\/wp-content\/uploads\/\/why-us-foreign-markets-1024x427.jpg ,https:\/\/foreign-markets.sales-readiness.eu\/wp-content\/uploads\/why-us-foreign-markets.jpg 780w, https:\/\/foreign-markets.sales-readiness.eu\/wp-content\/uploads\/why-us-foreign-markets.jpg 360w\" sizes=\"auto, (max-width: 480px) 150px\" src=\"https:\/\/foreign-markets.eu\/wp-content\/uploads\/\/why-us-foreign-markets-1024x427.jpg\" alt=\"\" class=\"uag-image-2270\" width=\"1200\" height=\"500\" title=\"\" loading=\"lazy\" role=\"img\"\/><\/figure><\/div>\n\n\n\n<div class=\"wp-block-uagb-container uagb-block-34baccc2\">\n<div class=\"wp-block-uagb-info-box uagb-block-9a21b952 uagb-infobox__content-wrap  uagb-infobox-icon-above-title uagb-infobox-image-valign-top\"><div class=\"uagb-ifb-content\"><div class=\"uagb-ifb-title-wrap\"><h1 class=\"uagb-ifb-title\"><strong><strong>Votre solution \u00e0 escale unique pour le march\u00e9 allemand<\/strong><\/strong><\/h1><\/div><p class=\"uagb-ifb-desc\">Nous sommes plus qu&rsquo;un simple cabinet de conseil. Nous voulons \u00eatre <strong>votre partenaire<\/strong> sur le march\u00e9 allemand. Nous vous proposons une solution compl\u00e8te pour vos besoins en mati\u00e8re de vente, de marketing, de traduction, de g\u00e9n\u00e9ration de leads et de strat\u00e9gie.<\/p><div class=\"uagb-ifb-button-wrapper wp-block-button\"><a href=\"\/fr\/#contact\" class=\"uagb-infobox-cta-link wp-block-button__link\" target=\"_self\" rel=\"noopener noreferrer\" onclick=\"return true;\" alt=\"\"><span class=\"uagb-inline-editing\">Commencez d\u00e8s aujourd&rsquo;hui<\/span><\/a><\/div><\/div><\/div>\n<\/div>\n<\/div><\/div>\n\n<div class=\"wp-block-uagb-container uagb-block-e3ee6a34 alignfull uagb-is-root-container\"><div class=\"uagb-container-inner-blocks-wrap\">\n<div class=\"wp-block-uagb-container uagb-block-d8445907\">\n<div class=\"wp-block-uagb-image aligncenter uagb-block-e9dfbbe9 wp-block-uagb-image--layout-default wp-block-uagb-image--effect-static wp-block-uagb-image--align-center\"><figure class=\"wp-block-uagb-image__figure\"><img decoding=\"async\" srcset=\"https:\/\/foreign-markets.eu\/wp-content\/uploads\/single-source-foreign-markets.webp ,https:\/\/foreign-markets.eu\/wp-content\/uploads\/single-source-foreign-markets.webp 780w, https:\/\/foreign-markets.eu\/wp-content\/uploads\/single-source-foreign-markets.webp 360w\" sizes=\"auto, (max-width: 480px) 150px\" src=\"https:\/\/foreign-markets.eu\/wp-content\/uploads\/single-source-foreign-markets.webp\" alt=\"\" class=\"uag-image-3079\" width=\"845\" height=\"290\" title=\"single-source-foreign-markets\" loading=\"lazy\" role=\"img\"\/><\/figure><\/div>\n<\/div>\n\n\n\n<div class=\"wp-block-uagb-container uagb-block-e03c7a26\">\n<div class=\"wp-block-uagb-info-box uagb-block-a0b8ede5 uagb-infobox__content-wrap  uagb-infobox-icon-above-title uagb-infobox-image-valign-top\"><div class=\"uagb-ifb-content\"><div class=\"uagb-ifb-title-wrap\"><h2 class=\"uagb-ifb-title\">Tout d&rsquo;une source unique<\/h2><\/div><p class=\"uagb-ifb-desc\"><strong>Marketing + Traduction + G\u00e9n\u00e9ration de leads + Ventes  <\/strong><br\/><br\/>Nous pouvons prendre en charge tous les aspects de votre activit\u00e9 sur le march\u00e9 allemand, qu&rsquo;il s&rsquo;agisse de trouver et d&rsquo;atteindre votre public cible, de cr\u00e9er et de diffuser votre message, de g\u00e9n\u00e9rer et de suivres des prospects, ou de convertir et de conclure des opportunit\u00e9s ventes.<\/p><\/div><\/div>\n<\/div>\n<\/div><\/div>\n\n<div class=\"wp-block-uagb-container uagb-block-dff05369 alignfull uagb-is-root-container\"><div class=\"uagb-container-inner-blocks-wrap\">\n<div class=\"wp-block-uagb-container uagb-block-b95d339c\">\n<div class=\"wp-block-uagb-info-box uagb-block-e32a309a uagb-infobox__content-wrap  uagb-infobox-icon-above-title uagb-infobox-image-valign-top\"><div class=\"uagb-ifb-content\"><div class=\"uagb-ifb-title-wrap\"><h2 class=\"uagb-ifb-title\"><strong><strong>Les contacts professionnels personnels sont importants<\/strong><\/strong><\/h2><\/div><p class=\"uagb-ifb-desc\"><strong>Nous ne nous contentons pas de faire du \u00ab\u00a0online\u00a0\u00bb, nous faisons aussi du \u00ab\u00a0personal contact\u00a0\u00bb.<\/strong><br\/><br\/>Nous valorisons et entretenons des relations d&rsquo;affaires personnelles avec vos clients potentiels et existants, vos partenaires et vos prescripteurs. Nous ne sommes pas seulement une agence en ligne sans visage, nous sommes vos repr\u00e9sentants locaux qui peuvent rencontrer et communiquer avec vos parties prenantes en personne. Nous vous offrons une touche personnelle qui nous distingue des autres.<\/p><\/div><\/div>\n<\/div>\n\n\n\n<div class=\"wp-block-uagb-container uagb-block-b25bc1b0\">\n<div class=\"wp-block-uagb-image aligncenter uagb-block-f97cb25c wp-block-uagb-image--layout-default wp-block-uagb-image--effect-static wp-block-uagb-image--align-center\"><figure class=\"wp-block-uagb-image__figure\"><img decoding=\"async\" srcset=\"https:\/\/foreign-markets.eu\/wp-content\/uploads\/personal-business-contact-foreign-markets.webp ,https:\/\/foreign-markets.eu\/wp-content\/uploads\/personal-business-contact-foreign-markets.webp 780w, https:\/\/foreign-markets.eu\/wp-content\/uploads\/personal-business-contact-foreign-markets.webp 360w\" sizes=\"auto, (max-width: 480px) 150px\" src=\"https:\/\/foreign-markets.eu\/wp-content\/uploads\/personal-business-contact-foreign-markets.webp\" alt=\"\" class=\"uag-image-3091\" width=\"845\" height=\"290\" title=\"personal-business-contact-foreign-markets\" loading=\"lazy\" role=\"img\"\/><\/figure><\/div>\n<\/div>\n<\/div><\/div>\n\n<div class=\"wp-block-uagb-container uagb-block-26837ef3 alignfull uagb-is-root-container\"><div class=\"uagb-container-inner-blocks-wrap\">\n<div class=\"wp-block-uagb-container uagb-block-f049a705\">\n<div class=\"wp-block-uagb-image aligncenter uagb-block-6adea24d wp-block-uagb-image--layout-default wp-block-uagb-image--effect-static wp-block-uagb-image--align-center\"><figure class=\"wp-block-uagb-image__figure\"><img decoding=\"async\" srcset=\"https:\/\/foreign-markets.eu\/wp-content\/uploads\/saving-time-hassle-foreign-markets.webp ,https:\/\/foreign-markets.eu\/wp-content\/uploads\/saving-time-hassle-foreign-markets.webp 780w, https:\/\/foreign-markets.eu\/wp-content\/uploads\/saving-time-hassle-foreign-markets.webp 360w\" sizes=\"auto, (max-width: 480px) 150px\" src=\"https:\/\/foreign-markets.eu\/wp-content\/uploads\/saving-time-hassle-foreign-markets.webp\" alt=\"\" class=\"uag-image-3075\" width=\"845\" height=\"290\" title=\"saving-time-hassle-foreign-markets\" loading=\"lazy\" role=\"img\"\/><\/figure><\/div>\n<\/div>\n\n\n\n<div class=\"wp-block-uagb-container uagb-block-bd89ac50\">\n<div class=\"wp-block-uagb-info-box uagb-block-fcf463c2 uagb-infobox__content-wrap  uagb-infobox-icon-above-title uagb-infobox-image-valign-top\"><div class=\"uagb-ifb-content\"><div class=\"uagb-ifb-title-wrap\"><h2 class=\"uagb-ifb-title\"><strong><strong>Nous vous faisons gagner du temps et de l&rsquo;\u00e9nergie<\/strong><\/strong><\/h2><\/div><p class=\"uagb-ifb-desc\"><strong>Nous \u00ab\u00a0prenons soin\u00a0\u00bb des choses.<\/strong><br\/><br\/>Vous gagnez du temps, car nous fournissons : l&rsquo;initiative, l&rsquo;analyse, la planification, l&rsquo;ex\u00e9cution, l&rsquo;examen, le rapport, l&rsquo;adaptation.<br\/>Tout ce que vous avez \u00e0 faire, c&rsquo;est d&rsquo;\u00e9laborer avec nous un objectif clair. Nous nous chargeons du reste, de la recherche et de l&rsquo;analyse, de la mise en \u0153uvre et de l&rsquo;\u00e9valuation, de l&rsquo;\u00e9tablissement de rapports et du retour d&rsquo;information, de l&rsquo;ajustement et de l&rsquo;am\u00e9lioration.<\/p><\/div><\/div>\n<\/div>\n<\/div><\/div>\n\n<div class=\"wp-block-uagb-container uagb-block-eccce8e4 alignfull uagb-is-root-container\"><div class=\"uagb-container-inner-blocks-wrap\">\n<div class=\"wp-block-uagb-container uagb-block-88cec558\">\n<div class=\"wp-block-uagb-info-box uagb-block-b769bba0 uagb-infobox__content-wrap  uagb-infobox-icon-above-title uagb-infobox-image-valign-top\"><div class=\"uagb-ifb-content\"><div class=\"uagb-ifb-title-wrap\"><h2 class=\"uagb-ifb-title\">Au service de votre r\u00e9ussite<\/h2><\/div><p class=\"uagb-ifb-desc\"><strong>Nous ne nous contentons pas de \u00ab\u00a0consulter\u00a0\u00bb, nous \u00ab\u00a0travaillons\u00a0\u00bb.<\/strong><br\/><br\/>Nous fournissons des r\u00e9sultats, pas seulement des rapports. Nous nous engageons \u00e0 assurer votre succ\u00e8s et votre satisfaction. Nous ne nous contentons pas de vous donner des conseils, nous les mettons en \u0153uvre. Nous ne nous contentons pas de vous dire ce qu&rsquo;il faut faire, nous vous montrons aussi comment le faire. Nous ne sommes pas seulement des consultants, nous sommes aussi des partenaires qui travaillent avec vous pour atteindre vos objectifs.<\/p><\/div><\/div>\n<\/div>\n\n\n\n<div class=\"wp-block-uagb-container uagb-block-8fb9c47e\">\n<div class=\"wp-block-uagb-image aligncenter uagb-block-d00fc079 wp-block-uagb-image--layout-default wp-block-uagb-image--effect-static wp-block-uagb-image--align-center\"><figure class=\"wp-block-uagb-image__figure\"><img decoding=\"async\" srcset=\"https:\/\/foreign-markets.eu\/wp-content\/uploads\/business-success-foreign-markets.webp ,https:\/\/foreign-markets.eu\/wp-content\/uploads\/business-success-foreign-markets.webp 780w, https:\/\/foreign-markets.eu\/wp-content\/uploads\/business-success-foreign-markets.webp 360w\" sizes=\"auto, (max-width: 480px) 150px\" src=\"https:\/\/foreign-markets.eu\/wp-content\/uploads\/business-success-foreign-markets.webp\" alt=\"\" class=\"uag-image-3087\" width=\"845\" height=\"290\" title=\"business-success-foreign-markets\" loading=\"lazy\" role=\"img\"\/><\/figure><\/div>\n<\/div>\n<\/div><\/div>\n\n<div class=\"wp-block-uagb-container uagb-block-9db9f52d alignfull uagb-is-root-container\"><div class=\"uagb-container-inner-blocks-wrap\">\n<div class=\"wp-block-uagb-container uagb-block-acef64f5\">\n<div class=\"wp-block-uagb-image aligncenter uagb-block-e69221b5 wp-block-uagb-image--layout-default wp-block-uagb-image--effect-static wp-block-uagb-image--align-center\"><figure class=\"wp-block-uagb-image__figure\"><img decoding=\"async\" srcset=\"https:\/\/foreign-markets.eu\/wp-content\/uploads\/breaking-language-barrier-foreign-markets.webp ,https:\/\/foreign-markets.eu\/wp-content\/uploads\/breaking-language-barrier-foreign-markets.webp 780w, https:\/\/foreign-markets.eu\/wp-content\/uploads\/breaking-language-barrier-foreign-markets.webp 360w\" sizes=\"auto, (max-width: 480px) 150px\" src=\"https:\/\/foreign-markets.eu\/wp-content\/uploads\/breaking-language-barrier-foreign-markets.webp\" alt=\"\" class=\"uag-image-3083\" width=\"845\" height=\"290\" title=\"breaking-language-barrier-foreign-markets\" loading=\"lazy\" role=\"img\"\/><\/figure><\/div>\n<\/div>\n\n\n\n<div class=\"wp-block-uagb-container uagb-block-c89dcda6\">\n<div class=\"wp-block-uagb-info-box uagb-block-56f8040d uagb-infobox__content-wrap  uagb-infobox-icon-above-title uagb-infobox-image-valign-top\"><div class=\"uagb-ifb-content\"><div class=\"uagb-ifb-title-wrap\"><h2 class=\"uagb-ifb-title\">Nous franchissons la barri\u00e8re de la langue<\/h2><\/div><p class=\"uagb-ifb-desc\"><strong>Nous sommes multilingues.<\/strong><br\/><br\/>Nous sommes de langue maternelle allemande, mais nous parlons aussi couramment votre langue. La langue ne sera plus un obstacle pour vous. Nous pouvons communiquer efficacement avec votre public cible et transmettre votre message de mani\u00e8re claire et convaincante. Les traductions, elles aussi, seront donc trait\u00e9es avec pr\u00e9cision et efficacit\u00e9.<\/p><\/div><\/div>\n<\/div>\n<\/div><\/div>\n\n<div class=\"wp-block-uagb-container uagb-block-b70db257 alignfull uagb-is-root-container\"><div class=\"uagb-container-inner-blocks-wrap\">\n<div class=\"wp-block-uagb-container uagb-block-d1a15a0f\">\n<div class=\"wp-block-uagb-info-box uagb-block-9e5e5629 uagb-infobox__content-wrap  uagb-infobox-icon-above-title uagb-infobox-image-valign-top\"><div class=\"uagb-ifb-content\"><div class=\"uagb-ifb-title-wrap\"><h2 class=\"uagb-ifb-title\">Nous tirons parti de notre travail d&rsquo;\u00e9quipe<\/h2><\/div><p class=\"uagb-ifb-desc\">Avec nous, vous avez toute une \u00e9quipe \u00e0 votre disposition. Cela permet d&rsquo;apporter des id\u00e9es provenant de plus d&rsquo;un seul esprit. La disponibilit\u00e9 est \u00e9galement accrue : il y a toujours une personne pour r\u00e9pondre \u00e0 votre appel.  <br\/><br\/>Nous sommes une \u00e9quipe d&rsquo;experts qui peuvent collaborer et compl\u00e9ter leurs comp\u00e9tences et leurs connaissances.  <br\/><br\/>Nous pouvons vous offrir une perspective diversifi\u00e9e et cr\u00e9ative sur les d\u00e9fis et les opportunit\u00e9s de votre entreprise.<\/p><\/div><\/div>\n<\/div>\n\n\n\n<div class=\"wp-block-uagb-container uagb-block-80e5a331\">\n<div class=\"wp-block-uagb-image aligncenter uagb-block-3a6c0815 wp-block-uagb-image--layout-default wp-block-uagb-image--effect-static wp-block-uagb-image--align-center\"><figure class=\"wp-block-uagb-image__figure\"><img decoding=\"async\" srcset=\"https:\/\/foreign-markets.eu\/wp-content\/uploads\/teamwork-foreign-markets.webp ,https:\/\/foreign-markets.eu\/wp-content\/uploads\/teamwork-foreign-markets.webp 780w, https:\/\/foreign-markets.eu\/wp-content\/uploads\/teamwork-foreign-markets.webp 360w\" sizes=\"auto, (max-width: 480px) 150px\" src=\"https:\/\/foreign-markets.eu\/wp-content\/uploads\/teamwork-foreign-markets.webp\" alt=\"\" class=\"uag-image-3095\" width=\"845\" height=\"310\" title=\"teamwork-foreign-markets\" loading=\"lazy\" role=\"img\"\/><\/figure><\/div>\n<\/div>\n<\/div><\/div>\n\n<div class=\"wp-block-uagb-container uagb-block-b754306c alignfull uagb-is-root-container\"><div class=\"uagb-container-inner-blocks-wrap\">\n<div class=\"wp-block-uagb-container uagb-block-3135430d\">\n<div class=\"wp-block-uagb-image aligncenter uagb-block-7787af3a wp-block-uagb-image--layout-default wp-block-uagb-image--effect-static wp-block-uagb-image--align-center\"><figure class=\"wp-block-uagb-image__figure\"><img decoding=\"async\" srcset=\"https:\/\/foreign-markets.eu\/wp-content\/uploads\/b2b-business-experience-foreign-markets.webp ,https:\/\/foreign-markets.eu\/wp-content\/uploads\/b2b-business-experience-foreign-markets.webp 780w, https:\/\/foreign-markets.eu\/wp-content\/uploads\/b2b-business-experience-foreign-markets.webp 360w\" sizes=\"auto, (max-width: 480px) 150px\" src=\"https:\/\/foreign-markets.eu\/wp-content\/uploads\/b2b-business-experience-foreign-markets.webp\" alt=\"\" class=\"uag-image-3099\" width=\"845\" height=\"310\" title=\"b2b-business-experience-foreign-markets\" loading=\"lazy\" role=\"img\"\/><\/figure><\/div>\n<\/div>\n\n\n\n<div class=\"wp-block-uagb-container uagb-block-f6c2c0cc\">\n<div class=\"wp-block-uagb-info-box uagb-block-2bee6074 uagb-infobox__content-wrap  uagb-infobox-icon-above-title uagb-infobox-image-valign-top\"><div class=\"uagb-ifb-content\"><div class=\"uagb-ifb-title-wrap\"><h2 class=\"uagb-ifb-title\">Nous appliquons notre exp\u00e9rience B2B<\/h2><\/div><p class=\"uagb-ifb-desc\">Nous sommes tr\u00e8s exp\u00e9riment\u00e9s dans le domaine du B2B. Nous avons travaill\u00e9 avec des clients de divers secteurs et industries, et nous savons comment adapter nos services \u00e0 vos besoins et d\u00e9fis sp\u00e9cifiques. Nous avons prouv\u00e9 notre capacit\u00e9 \u00e0 fournir un travail de haute qualit\u00e9 et \u00e0 d\u00e9passer les attentes.<br\/><br\/>Nous sommes convaincus que nous pouvons vous aider \u00e0 atteindre vos objectifs et \u00e0 d\u00e9velopper votre entreprise gr\u00e2ce \u00e0 notre expertise et \u00e0 notre exp\u00e9rience.<\/p><\/div><\/div>\n<\/div>\n<\/div><\/div>\n\n<div class=\"wp-block-uagb-container uagb-block-f3b5d626 alignfull uagb-is-root-container\"><div class=\"uagb-container-inner-blocks-wrap\">\n<div class=\"wp-block-uagb-container uagb-block-0832b71a\">\n<div class=\"wp-block-uagb-container uagb-block-a61307ae\">\n<div class=\"wp-block-uagb-info-box uagb-block-674fb749 uagb-infobox__content-wrap  uagb-infobox-icon-above-title uagb-infobox-image-valign-top\"><div class=\"uagb-ifb-content\"><div class=\"uagb-ifb-title-wrap\"><h2 class=\"uagb-ifb-title\">D\u00e9veloppez votre activit\u00e9 en Allemagne avec nous !<\/h2><\/div><p class=\"uagb-ifb-desc\">Contactez-nous d\u00e8s maintenant pour obtenir une consultation gratuite.<\/p><div class=\"uagb-ifb-button-wrapper wp-block-button\"><a href=\"\/fr\/#contact\" class=\"uagb-infobox-cta-link wp-block-button__link\" target=\"_self\" rel=\"noopener noreferrer\" onclick=\"return true;\" alt=\"\"><span class=\"uagb-inline-editing\">Commencez d\u00e8s aujourd&rsquo;hui<\/span><\/a><\/div><\/div><\/div>\n<\/div>\n<\/div>\n<\/div><\/div>\n\n<div style=\"height:5px\" aria-hidden=\"true\" class=\"wp-block-spacer\"><\/div>\n","protected":false},"excerpt":{"rendered":"","protected":false},"author":1,"featured_media":2271,"parent":0,"menu_order":300,"comment_status":"closed","ping_status":"closed","template":"","meta":{"_seopress_robots_primary_cat":"","_seopress_titles_title":"Pourquoi nous - March\u00e9s \u00e9trangers","_seopress_titles_desc":"Nous sommes votre solution unique pour les ventes, le marketing, la traduction, la g\u00e9n\u00e9ration de leads et la strat\u00e9gie. D\u00e9veloppez votre activit\u00e9 en Allemagne avec nous !","_seopress_robots_index":"","_uag_custom_page_level_css":"","footnotes":""},"class_list":["post-2813","page","type-page","status-publish","has-post-thumbnail","hentry"],"blocksy_meta":[],"uagb_featured_image_src":{"full":["https:\/\/foreign-markets.eu\/wp-content\/uploads\/why-us-foreign-markets.jpg",1200,500,false],"thumbnail":["https:\/\/foreign-markets.eu\/wp-content\/uploads\/why-us-foreign-markets-150x150.jpg",150,150,true],"medium":["https:\/\/foreign-markets.eu\/wp-content\/uploads\/why-us-foreign-markets-300x125.jpg",300,125,true],"medium_large":["https:\/\/foreign-markets.eu\/wp-content\/uploads\/why-us-foreign-markets-768x320.jpg",768,320,true],"large":["https:\/\/foreign-markets.eu\/wp-content\/uploads\/why-us-foreign-markets-1024x427.jpg",1024,427,true],"1536x1536":["https:\/\/foreign-markets.eu\/wp-content\/uploads\/why-us-foreign-markets.jpg",1200,500,false],"2048x2048":["https:\/\/foreign-markets.eu\/wp-content\/uploads\/why-us-foreign-markets.jpg",1200,500,false]},"uagb_author_info":{"display_name":"admin","author_link":"https:\/\/foreign-markets.eu\/fr\/author\/admin\/"},"uagb_comment_info":0,"uagb_excerpt":null,"_links":{"self":[{"href":"https:\/\/foreign-markets.eu\/fr\/wp-json\/wp\/v2\/pages\/2813","targetHints":{"allow":["GET"]}}],"collection":[{"href":"https:\/\/foreign-markets.eu\/fr\/wp-json\/wp\/v2\/pages"}],"about":[{"href":"https:\/\/foreign-markets.eu\/fr\/wp-json\/wp\/v2\/types\/page"}],"author":[{"embeddable":true,"href":"https:\/\/foreign-markets.eu\/fr\/wp-json\/wp\/v2\/users\/1"}],"replies":[{"embeddable":true,"href":"https:\/\/foreign-markets.eu\/fr\/wp-json\/wp\/v2\/comments?post=2813"}],"version-history":[{"count":11,"href":"https:\/\/foreign-markets.eu\/fr\/wp-json\/wp\/v2\/pages\/2813\/revisions"}],"predecessor-version":[{"id":3161,"href":"https:\/\/foreign-markets.eu\/fr\/wp-json\/wp\/v2\/pages\/2813\/revisions\/3161"}],"wp:featuredmedia":[{"embeddable":true,"href":"https:\/\/foreign-markets.eu\/fr\/wp-json\/wp\/v2\/media\/2271"}],"wp:attachment":[{"href":"https:\/\/foreign-markets.eu\/fr\/wp-json\/wp\/v2\/media?parent=2813"}],"curies":[{"name":"wp","href":"https:\/\/api.w.org\/{rel}","templated":true}]}}