{"id":2835,"date":"2023-09-04T15:42:56","date_gmt":"2023-09-04T13:42:56","guid":{"rendered":"https:\/\/foreign-markets.eu\/politique-de-confidentialite\/"},"modified":"2024-04-28T11:15:07","modified_gmt":"2024-04-28T09:15:07","slug":"politique-de-confidentialite","status":"publish","type":"page","link":"https:\/\/foreign-markets.eu\/fr\/politique-de-confidentialite\/","title":{"rendered":"Politique de confidentialit\u00e9"},"content":{"rendered":"\n<p>La partie responsable au sens des lois sur la protection des donn\u00e9es, en particulier le r\u00e8glement g\u00e9n\u00e9ral sur la protection des donn\u00e9es de l&rsquo;UE (RGPD), est :<\/p>\n\n<p>SRC &#8211; Sales Readiness Consulting GmbH<br\/>Karneidplatz 32<br\/>81547 Munich<br\/>Allemagne<\/p>\n\n<p><strong>Vos droits en tant que personne concern\u00e9e<\/strong><\/p>\n\n<p>Vous pouvez exercer les droits suivants \u00e0 tout moment en utilisant les coordonn\u00e9es fournies par notre d\u00e9l\u00e9gu\u00e9 \u00e0 la protection des donn\u00e9es :<\/p>\n\n<ul class=\"wp-block-list\">\n<li>Informations sur vos donn\u00e9es stock\u00e9es par nous et leur traitement (Art. 15 RGPD),<\/li>\n\n\n\n<li>Correction des donn\u00e9es personnelles incorrectes (art. 16 RGPD),<\/li>\n\n\n\n<li>la suppression de vos donn\u00e9es stock\u00e9es par nous (art. 17 RGPD),<\/li>\n\n\n\n<li>Restriction du traitement des donn\u00e9es si nous ne sommes pas encore autoris\u00e9s \u00e0 supprimer vos donn\u00e9es en raison d&rsquo;obligations l\u00e9gales (article 18 RGPD),<\/li>\n\n\n\n<li>l&rsquo;objection au traitement de vos donn\u00e9es par nous (art. 21 RGPD) et<\/li>\n\n\n\n<li>la portabilit\u00e9 des donn\u00e9es, \u00e0 condition que vous ayez consenti au traitement des donn\u00e9es ou que vous ayez conclu un contrat avec nous (article 20 de la RGPD).<\/li>\n<\/ul>\n\n<p>Si vous nous avez donn\u00e9 votre consentement, vous pouvez le r\u00e9voquer \u00e0 tout moment avec effet pour l&rsquo;avenir.<\/p>\n\n<p>Vous pouvez \u00e0 tout moment introduire une r\u00e9clamation aupr\u00e8s d&rsquo;une autorit\u00e9 de contr\u00f4le, par exemple l&rsquo;autorit\u00e9 de contr\u00f4le comp\u00e9tente dans l&rsquo;\u00c9tat de votre r\u00e9sidence ou l&rsquo;autorit\u00e9 responsable de nous en tant que responsable du traitement.<\/p>\n\n<p>Une liste des autorit\u00e9s de contr\u00f4le (pour le secteur non public) avec leur adresse peut \u00eatre consult\u00e9e \u00e0 l&rsquo;adresse <a href=\"https:\/\/www.bfdi.bund.de\/DE\/Service\/Anschriften\/Laender\/Laender-node.html\">suivante : https:\/\/www.bfdi.bund.de\/DE\/Service\/Anschriften\/Laender\/Laender-node.html<\/a>.<\/p>\n\n<p><strong>Transfert vers un pays tiers :<\/strong><\/p>\n\n<p>Les donn\u00e9es collect\u00e9es peuvent \u00eatre transf\u00e9r\u00e9es vers les pays tiers suivants :<\/p>\n\n<p>non<\/p>\n\n<p>Les garanties suivantes en mati\u00e8re de protection des donn\u00e9es sont en place :<\/p>\n\n<p><strong>Cookies<\/strong><\/p>\n\n<p>Comme beaucoup d&rsquo;autres sites web, nous utilisons \u00e9galement des \u00ab\u00a0cookies\u00a0\u00bb. Les cookies sont de petits fichiers texte qui sont stock\u00e9s sur votre terminal (ordinateur portable, tablette, smartphone ou similaire) lorsque vous visitez notre site web.<\/p>\n\n<p>Vous pouvez supprimer des cookies individuels ou l&rsquo;ensemble de l&rsquo;inventaire des cookies. En outre, vous recevrez des informations et des instructions sur la mani\u00e8re de supprimer ces cookies ou de bloquer leur stockage \u00e0 l&rsquo;avance. .<\/p>\n\n<ul class=\"wp-block-list\">\n<li><a href=\"https:\/\/support.mozilla.org\/de\/kb\/cookies-loeschen-daten-von-websites-entfernen\">.<\/a><\/li>\n\n\n\n<li><a href=\"https:\/\/support.microsoft.com\/de-de\/help\/17442\/windows-internet-explorer-delete-manage-cookies\">.<\/a><\/li>\n\n\n\n<li><a href=\"https:\/\/support.google.com\/accounts\/answer\/61416?hl=de\">.<\/a><\/li>\n\n\n\n<li><a href=\"http:\/\/www.opera.com\/de\/help\">.<\/a><\/li>\n\n\n\n<li><a href=\"https:\/\/support.apple.com\/kb\/PH17191?locale=de_DE&amp;viewlocale=de_DE\">.<\/a><\/li>\n<\/ul>\n\n<p><strong>Dur\u00e9e de stockage et cookies utilis\u00e9s :<\/strong><\/p>\n\n<p>Si vous nous autorisez \u00e0 utiliser des cookies par le biais des param\u00e8tres de votre navigateur ou de votre consentement, les cookies suivants peuvent \u00eatre utilis\u00e9s sur nos sites web :<\/p>\n\n<p>M\u00e9moire de session<\/p>\n\n<p><strong>Cookies techniquement n\u00e9cessaires<\/strong><\/p>\n\n<p><strong>Type et finalit\u00e9 du traitement :<\/strong><\/p>\n\n<p>Nous utilisons des cookies pour rendre notre site web plus convivial. Certains \u00e9l\u00e9ments de notre site web exigent que le navigateur appelant puisse \u00eatre identifi\u00e9 m\u00eame apr\u00e8s un changement de page.<\/p>\n\n<p>L&rsquo;utilisation de cookies techniquement n\u00e9cessaires a pour but de simplifier l&rsquo;utilisation des sites web pour les utilisateurs. Certaines fonctions de notre site web ne peuvent \u00eatre offertes sans l&rsquo;utilisation de cookies. Pour ces derniers, il est n\u00e9cessaire que le navigateur soit reconnu m\u00eame apr\u00e8s un changement de page.<\/p>\n\n<p>Nous avons besoin de cookies pour les applications suivantes :<\/p>\n\n<p><strong>Base juridique et int\u00e9r\u00eat l\u00e9gitime :<\/strong><\/p>\n\n<p>Le traitement est effectu\u00e9 conform\u00e9ment \u00e0 l&rsquo;art. 6 (1) lit. f RGPD sur la base de notre int\u00e9r\u00eat l\u00e9gitime \u00e0 une conception conviviale de notre site web. <\/p>\n\n<p><strong>Destinataires:<\/strong><\/p>\n\n<p>Les destinataires des donn\u00e9es peuvent \u00eatre des prestataires de services techniques qui agissent en tant que responsables du traitement des commandes pour l&rsquo;exploitation et la maintenance de notre site web.<\/p>\n\n<p><strong>Transfert vers un pays tiers :<\/strong><\/p>\n\n<p>Les donn\u00e9es collect\u00e9es peuvent \u00eatre transf\u00e9r\u00e9es vers les pays tiers suivants :<\/p>\n\n<p>non<\/p>\n\n<p>Les garanties suivantes en mati\u00e8re de protection des donn\u00e9es sont en place :<\/p>\n\n<p><strong>Disposition obligatoire ou requise :<\/strong><\/p>\n\n<p>La fourniture des donn\u00e9es personnelles susmentionn\u00e9es n&rsquo;est pas requise par la loi ou le contrat. Toutefois, sans ces donn\u00e9es, le service et la fonctionnalit\u00e9 de notre site web ne peuvent \u00eatre garantis. En outre, certains services et prestations peuvent ne pas \u00eatre disponibles ou faire l&rsquo;objet de restrictions.<\/p>\n\n<p>Objection<\/p>\n\n<p>Veuillez lire les informations relatives \u00e0 votre droit d&rsquo;opposition conform\u00e9ment \u00e0 l&rsquo;article 21 RGPD ci-dessous. 21 RGPD ci-dessous.<\/p>\n\n<p><strong>Formulaire de contact<\/strong><\/p>\n\n<p><strong>Type et finalit\u00e9 du traitement :<\/strong><\/p>\n\n<p>Les donn\u00e9es que vous saisissez seront stock\u00e9es dans le but d&rsquo;une communication individuelle avec vous. \u00c0 cette fin, il est n\u00e9cessaire de fournir une adresse \u00e9lectronique valide et votre nom. Cela permet d&rsquo;attribuer la demande et d&rsquo;y r\u00e9pondre. La fourniture d&rsquo;autres donn\u00e9es est facultative.<\/p>\n\n<p><strong>Base juridique :<\/strong><\/p>\n\n<p>Le traitement des donn\u00e9es saisies dans le formulaire de contact est fond\u00e9 sur un int\u00e9r\u00eat l\u00e9gitime (article 6, paragraphe 1, point f), de la RGPD).<\/p>\n\n<p>En mettant \u00e0 votre disposition le formulaire de contact, nous souhaitons vous permettre de nous contacter de mani\u00e8re simple. Les informations que vous fournissez seront stock\u00e9es dans le but de traiter la demande et pour d&rsquo;\u00e9ventuelles questions de suivi.<\/p>\n\n<p>Si vous nous contactez pour demander un devis, les donn\u00e9es saisies dans le formulaire de contact seront trait\u00e9es en vue de l&rsquo;ex\u00e9cution de mesures pr\u00e9contractuelles (article 6, paragraphe 1, point b, de la RGPD).<\/p>\n\n<p><strong>Destinataires:<\/strong><\/p>\n\n<p>Les destinataires des donn\u00e9es sont, le cas \u00e9ch\u00e9ant, les responsables du traitement des commandes.<\/p>\n\n<p><strong>Transfert vers un pays tiers :<\/strong><\/p>\n\n<p>Les donn\u00e9es collect\u00e9es peuvent \u00eatre transf\u00e9r\u00e9es vers les pays tiers suivants :<\/p>\n\n<p>non<\/p>\n\n<p>Les garanties suivantes en mati\u00e8re de protection des donn\u00e9es sont en place :<\/p>\n\n<p><strong>P\u00e9riode de stockage :<\/strong><\/p>\n\n<p>Les donn\u00e9es seront effac\u00e9es au plus tard 6 mois apr\u00e8s le traitement de la demande.<\/p>\n\n<p>En cas de relation contractuelle, nous sommes soumis aux d\u00e9lais de conservation l\u00e9gaux pr\u00e9vus par le code de commerce allemand (HGB) et nous effacerons vos donn\u00e9es \u00e0 l&rsquo;expiration de ces d\u00e9lais.<\/p>\n\n<p><strong>Disposition obligatoire ou requise :<\/strong><\/p>\n\n<p>La fourniture de vos donn\u00e9es personnelles est volontaire. Toutefois, nous ne pouvons traiter votre demande que si vous nous fournissez votre nom, votre adresse \u00e9lectronique et la raison de votre demande.<\/p>\n\n<p><strong>Cryptage SSL<\/strong><\/p>\n\n<p>Pour prot\u00e9ger la s\u00e9curit\u00e9 de vos donn\u00e9es lors de leur transmission, nous utilisons les proc\u00e9dures de cryptage les plus modernes (par exemple SSL) via HTTPS.<\/p>\n\n<p>Informations sur votre droit d&rsquo;opposition conform\u00e9ment \u00e0 l&rsquo;art. 21 RGPD<\/p>\n\n<p><strong>Droit d&rsquo;opposition individuel<\/strong><\/p>\n\n<p>Vous avez le droit de vous opposer \u00e0 tout moment, pour des raisons tenant \u00e0 votre situation particuli\u00e8re, au traitement des donn\u00e9es \u00e0 caract\u00e8re personnel vous concernant qui est effectu\u00e9 sur la base de l&rsquo;article 6, paragraphe 1, point f), du RGPD (traitement des donn\u00e9es sur la base d&rsquo;un \u00e9quilibre des int\u00e9r\u00eats). 6(1)(f) RGPD (traitement des donn\u00e9es sur la base d&rsquo;un \u00e9quilibre des int\u00e9r\u00eats) ; ceci s&rsquo;applique \u00e9galement au profilage bas\u00e9 sur cette disposition au sens de l&rsquo;Art. 4 n\u00b0 4 RGPD.<\/p>\n\n<p>Si vous vous y opposez, nous ne traiterons plus vos donn\u00e9es \u00e0 caract\u00e8re personnel, sauf si nous pouvons d\u00e9montrer des motifs l\u00e9gitimes imp\u00e9rieux pour le traitement qui l&#8217;emportent sur vos int\u00e9r\u00eats, droits et libert\u00e9s, ou si le traitement sert \u00e0 faire valoir, exercer ou d\u00e9fendre des droits l\u00e9gaux.<\/p>\n\n<p><strong>Destinataires d&rsquo;une objection<\/strong><\/p>\n\n<p>SRC &#8211; Sales Readiness Consulting GmbH<br\/>Karneidplatz 32<br\/>81547 Munich<br\/>Allemagne<\/p>\n\n<p><strong>Modifications de notre politique de confidentialit\u00e9<\/strong><\/p>\n\n<p>Nous nous r\u00e9servons le droit d&rsquo;adapter la pr\u00e9sente d\u00e9claration de protection des donn\u00e9es afin qu&rsquo;elle soit toujours conforme aux exigences l\u00e9gales actuelles ou afin de mettre en \u0153uvre des modifications de nos services dans la d\u00e9claration de protection des donn\u00e9es, par exemple lors de l&rsquo;introduction de nouveaux services. La nouvelle d\u00e9claration de protection des donn\u00e9es s&rsquo;appliquera alors \u00e0 votre prochaine visite.<\/p>\n\n<p><strong>Questions au d\u00e9l\u00e9gu\u00e9 \u00e0 la protection des donn\u00e9es<\/strong><\/p>\n\n<p>Si vous avez des questions concernant la protection des donn\u00e9es, veuillez nous \u00e9crire un e-mail ou contacter directement la personne responsable de la protection des donn\u00e9es au sein de notre organisation :<\/p>\n\n<p>SRC &#8211; Sales Readiness Consulting GmbH<br\/>Alexander Fischer<br\/>Karneidplatz 32<br\/>81547 Munich<br\/>Allemagne<\/p>\n\n<p>Cette d\u00e9claration de confidentialit\u00e9 a \u00e9t\u00e9 cr\u00e9\u00e9e avec l&rsquo;aide d&rsquo;activeMind AG, les experts pour les d\u00e9l\u00e9gu\u00e9s externes \u00e0 la protection des donn\u00e9es (version #2020-09-30).<\/p>\n","protected":false},"excerpt":{"rendered":"<p>La partie responsable au sens des lois sur la protection des donn\u00e9es, en particulier le r\u00e8glement g\u00e9n\u00e9ral sur la protection des donn\u00e9es de l&rsquo;UE (RGPD), est : SRC &#8211; Sales Readiness Consulting GmbHKarneidplatz 3281547 MunichAllemagne Vos droits en tant que personne concern\u00e9e Vous pouvez exercer les droits suivants \u00e0 tout moment en utilisant les coordonn\u00e9es [&hellip;]<\/p>\n","protected":false},"author":1,"featured_media":0,"parent":0,"menu_order":710,"comment_status":"closed","ping_status":"closed","template":"","meta":{"_seopress_robots_primary_cat":"","_seopress_titles_title":"Politique de confidentialit\u00e9 - ForeignMarkets","_seopress_titles_desc":"Ceci est la politique de confidentialit\u00e9 de ForeignMarkets. La partie responsable au sens des lois sur la protection des donn\u00e9es, en particulier le R\u00e8glement G\u00e9n\u00e9ral sur la Protection des Donn\u00e9es (RGPD) de l'UE, est SRC - Sales Readiness Consulting GmbH.","_seopress_robots_index":"oui","_uag_custom_page_level_css":"","footnotes":""},"class_list":["post-2835","page","type-page","status-publish","hentry"],"blocksy_meta":[],"uagb_featured_image_src":{"full":false,"thumbnail":false,"medium":false,"medium_large":false,"large":false,"1536x1536":false,"2048x2048":false},"uagb_author_info":{"display_name":"admin","author_link":"https:\/\/foreign-markets.eu\/fr\/author\/admin\/"},"uagb_comment_info":0,"uagb_excerpt":"La partie responsable au sens des lois sur la protection des donn\u00e9es, en particulier le r\u00e8glement g\u00e9n\u00e9ral sur la protection des donn\u00e9es de l&rsquo;UE (RGPD), est : SRC &#8211; Sales Readiness Consulting GmbHKarneidplatz 3281547 MunichAllemagne Vos droits en tant que personne concern\u00e9e Vous pouvez exercer les droits suivants \u00e0 tout moment en utilisant les coordonn\u00e9es\u2026","_links":{"self":[{"href":"https:\/\/foreign-markets.eu\/fr\/wp-json\/wp\/v2\/pages\/2835","targetHints":{"allow":["GET"]}}],"collection":[{"href":"https:\/\/foreign-markets.eu\/fr\/wp-json\/wp\/v2\/pages"}],"about":[{"href":"https:\/\/foreign-markets.eu\/fr\/wp-json\/wp\/v2\/types\/page"}],"author":[{"embeddable":true,"href":"https:\/\/foreign-markets.eu\/fr\/wp-json\/wp\/v2\/users\/1"}],"replies":[{"embeddable":true,"href":"https:\/\/foreign-markets.eu\/fr\/wp-json\/wp\/v2\/comments?post=2835"}],"version-history":[{"count":3,"href":"https:\/\/foreign-markets.eu\/fr\/wp-json\/wp\/v2\/pages\/2835\/revisions"}],"predecessor-version":[{"id":3214,"href":"https:\/\/foreign-markets.eu\/fr\/wp-json\/wp\/v2\/pages\/2835\/revisions\/3214"}],"wp:attachment":[{"href":"https:\/\/foreign-markets.eu\/fr\/wp-json\/wp\/v2\/media?parent=2835"}],"curies":[{"name":"wp","href":"https:\/\/api.w.org\/{rel}","templated":true}]}}