{"id":3613,"date":"2024-09-17T22:26:59","date_gmt":"2024-09-17T20:26:59","guid":{"rendered":"https:\/\/foreign-markets.eu\/?page_id=3613"},"modified":"2024-09-17T22:26:59","modified_gmt":"2024-09-17T20:26:59","slug":"fondation-i-votre-bureau-sur-place-en-allemagne","status":"publish","type":"page","link":"https:\/\/foreign-markets.eu\/fr\/votre-equipe-en-allemagne\/fondation-i-votre-bureau-sur-place-en-allemagne\/","title":{"rendered":"Fondation I : Votre bureau sur place en Allemagne"},"content":{"rendered":"\n<div class=\"wp-block-uagb-container uagb-block-940ab869 alignfull uagb-is-root-container\"><div class=\"uagb-container-inner-blocks-wrap\">\n<div class=\"wp-block-uagb-image aligncenter uagb-block-60e21f3d wp-block-uagb-image--layout-default wp-block-uagb-image--effect-static wp-block-uagb-image--align-center\"><figure class=\"wp-block-uagb-image__figure\"><img decoding=\"async\" srcset=\"https:\/\/foreign-markets.eu\/wp-content\/uploads\/foundation-passive-office-foreign-markets.jpg ,https:\/\/foreign-markets.eu\/wp-content\/uploads\/foundation-passive-office-foreign-markets.jpg 780w, https:\/\/foreign-markets.eu\/wp-content\/uploads\/foundation-passive-office-foreign-markets.jpg 360w\" sizes=\"auto, (max-width: 480px) 150px\" src=\"https:\/\/foreign-markets.eu\/wp-content\/uploads\/foundation-passive-office-foreign-markets.jpg\" alt=\"\" class=\"uag-image-2628\" width=\"1200\" height=\"500\" title=\"\" loading=\"lazy\"\/><\/figure><\/div>\n\n\n\n<div class=\"wp-block-uagb-container uagb-block-49dba531\">\n<h1 class=\"wp-block-heading has-text-align-center\">Fondation I : Votre bureau sur place en Allemagne<\/h1>\n\n\n\n<p class=\"has-text-align-center\"><strong>Posez la premi\u00e8re pierre de votre entr\u00e9e sur le march\u00e9 allemand avec un bureau de repr\u00e9sentance imm\u00e9diate !<\/strong><br\/><br\/>Vous souhaitez disposer d&rsquo;une pr\u00e9sence quasi imm\u00e9diate en Allemagne ? Vous \u00eates au bon endroit. Nous sommes l&rsquo;\u00e9quipe de votre bureau allemand qui vous offre un point de contact et une solution de vente professionnels et flexibles.<br\/><br\/><a href=\"\/fr\/#contact\">Contactez-nous d\u00e8s aujourd&rsquo;hui<\/a> et d\u00e9couvrez comment nous pouvons vous aider \u00e0 jeter les bases de votre entr\u00e9e sur le march\u00e9 allemand gr\u00e2ce \u00e0 une pr\u00e9sence allemande instantan\u00e9e !<\/p>\n\n\n\n<div class=\"wp-block-buttons is-content-justification-center is-layout-flex wp-container-core-buttons-is-layout-a89b3969 wp-block-buttons-is-layout-flex\">\n<div class=\"wp-block-button\"><a class=\"wp-block-button__link wp-element-button\" href=\"\/fr\/#contact\">Commencez d\u00e8s aujourd&rsquo;hui<\/a><\/div>\n<\/div>\n<\/div>\n<\/div><\/div>\n\n<div class=\"wp-block-uagb-container uagb-block-423479c9 alignfull uagb-is-root-container\"><div class=\"uagb-container-inner-blocks-wrap\">\n<h2 class=\"wp-block-heading\">Ce que nous faisons pour vous :<\/h2>\n\n\n\n<div class=\"wp-block-uagb-icon-list uagb-block-1415b714\"><div class=\"uagb-icon-list__wrap\">\n<div class=\"wp-block-uagb-icon-list-child uagb-block-470bd259\"><span class=\"uagb-icon-list__source-wrap\"><svg xmlns=\"https:\/\/www.w3.org\/2000\/svg\" viewbox=\"0 0 512 512\"><path d=\"M256 0C114.6 0 0 114.6 0 256c0 141.4 114.6 256 256 256s256-114.6 256-256C512 114.6 397.4 0 256 0zM406.6 278.6l-103.1 103.1c-12.5 12.5-32.75 12.5-45.25 0s-12.5-32.75 0-45.25L306.8 288H128C110.3 288 96 273.7 96 256s14.31-32 32-32h178.8l-49.38-49.38c-12.5-12.5-12.5-32.75 0-45.25s32.75-12.5 45.25 0l103.1 103.1C414.6 241.3 416 251.1 416 256C416 260.9 414.6 270.7 406.6 278.6z\"><\/path><\/svg><\/span><span class=\"uagb-icon-list__label\">Nous traduisons votre site web en allemand. Relecture par des Allemands qui aussi vivent en Allemagne. Si n\u00e9cessaire, nous vous aidons \u00e0 transformer (\u00ab\u00a0localiser\u00a0\u00bb) certains contenus en fonction des exigences du march\u00e9 allemand.<\/span><\/div>\n\n\n\n<div class=\"wp-block-uagb-icon-list-child uagb-block-a1cd14e2\"><span class=\"uagb-icon-list__source-wrap\"><svg xmlns=\"https:\/\/www.w3.org\/2000\/svg\" viewbox=\"0 0 512 512\"><path d=\"M256 0C114.6 0 0 114.6 0 256c0 141.4 114.6 256 256 256s256-114.6 256-256C512 114.6 397.4 0 256 0zM406.6 278.6l-103.1 103.1c-12.5 12.5-32.75 12.5-45.25 0s-12.5-32.75 0-45.25L306.8 288H128C110.3 288 96 273.7 96 256s14.31-32 32-32h178.8l-49.38-49.38c-12.5-12.5-12.5-32.75 0-45.25s32.75-12.5 45.25 0l103.1 103.1C414.6 241.3 416 251.1 416 256C416 260.9 414.6 270.7 406.6 278.6z\"><\/path><\/svg><\/span><span class=\"uagb-icon-list__label\">Nous cr\u00e9ons un num\u00e9ro de t\u00e9l\u00e9phone avec un indicatif allemand +49 et le pla\u00e7ons sur votre site web allemand.<\/span><\/div>\n\n\n\n<div class=\"wp-block-uagb-icon-list-child uagb-block-1ec59c21\"><span class=\"uagb-icon-list__source-wrap\"><svg xmlns=\"https:\/\/www.w3.org\/2000\/svg\" viewbox=\"0 0 512 512\"><path d=\"M256 0C114.6 0 0 114.6 0 256c0 141.4 114.6 256 256 256s256-114.6 256-256C512 114.6 397.4 0 256 0zM406.6 278.6l-103.1 103.1c-12.5 12.5-32.75 12.5-45.25 0s-12.5-32.75 0-45.25L306.8 288H128C110.3 288 96 273.7 96 256s14.31-32 32-32h178.8l-49.38-49.38c-12.5-12.5-12.5-32.75 0-45.25s32.75-12.5 45.25 0l103.1 103.1C414.6 241.3 416 251.1 416 256C416 260.9 414.6 270.7 406.6 278.6z\"><\/path><\/svg><\/span><span class=\"uagb-icon-list__label\">Nous prenons les appels entrants en provenance d&rsquo;Allemagne au nom de votre entreprise pendant les horaires de bureau.<\/span><\/div>\n\n\n\n<div class=\"wp-block-uagb-icon-list-child uagb-block-4bc560b7\"><span class=\"uagb-icon-list__source-wrap\"><svg xmlns=\"https:\/\/www.w3.org\/2000\/svg\" viewbox=\"0 0 512 512\"><path d=\"M256 0C114.6 0 0 114.6 0 256c0 141.4 114.6 256 256 256s256-114.6 256-256C512 114.6 397.4 0 256 0zM406.6 278.6l-103.1 103.1c-12.5 12.5-32.75 12.5-45.25 0s-12.5-32.75 0-45.25L306.8 288H128C110.3 288 96 273.7 96 256s14.31-32 32-32h178.8l-49.38-49.38c-12.5-12.5-12.5-32.75 0-45.25s32.75-12.5 45.25 0l103.1 103.1C414.6 241.3 416 251.1 416 256C416 260.9 414.6 270.7 406.6 278.6z\"><\/path><\/svg><\/span><span class=\"uagb-icon-list__label\">Nous cr\u00e9ons une bo\u00eete aux lettres \u00e9lectronique distincte sous le domaine de votre entreprise, sp\u00e9cialement pour l&rsquo;Allemagne, que nous v\u00e9rifions r\u00e9guli\u00e8rement pour les courriels entrants en provenance d&rsquo;Allemagne.<\/span><\/div>\n\n\n\n<div class=\"wp-block-uagb-icon-list-child uagb-block-cefbced5\"><span class=\"uagb-icon-list__source-wrap\"><svg xmlns=\"https:\/\/www.w3.org\/2000\/svg\" viewbox=\"0 0 512 512\"><path d=\"M256 0C114.6 0 0 114.6 0 256c0 141.4 114.6 256 256 256s256-114.6 256-256C512 114.6 397.4 0 256 0zM406.6 278.6l-103.1 103.1c-12.5 12.5-32.75 12.5-45.25 0s-12.5-32.75 0-45.25L306.8 288H128C110.3 288 96 273.7 96 256s14.31-32 32-32h178.8l-49.38-49.38c-12.5-12.5-12.5-32.75 0-45.25s32.75-12.5 45.25 0l103.1 103.1C414.6 241.3 416 251.1 416 256C416 260.9 414.6 270.7 406.6 278.6z\"><\/path><\/svg><\/span><span class=\"uagb-icon-list__label\">Nous adaptons votre charte graphique (couleurs, signature, polices de caract\u00e8res, etc.) \u00e0 notre correspondance allemande au nom de votre entreprise.<\/span><\/div>\n\n\n\n<div class=\"wp-block-uagb-icon-list-child uagb-block-12ecfc04\"><span class=\"uagb-icon-list__source-wrap\"><svg xmlns=\"https:\/\/www.w3.org\/2000\/svg\" viewbox=\"0 0 512 512\"><path d=\"M256 0C114.6 0 0 114.6 0 256c0 141.4 114.6 256 256 256s256-114.6 256-256C512 114.6 397.4 0 256 0zM406.6 278.6l-103.1 103.1c-12.5 12.5-32.75 12.5-45.25 0s-12.5-32.75 0-45.25L306.8 288H128C110.3 288 96 273.7 96 256s14.31-32 32-32h178.8l-49.38-49.38c-12.5-12.5-12.5-32.75 0-45.25s32.75-12.5 45.25 0l103.1 103.1C414.6 241.3 416 251.1 416 256C416 260.9 414.6 270.7 406.6 278.6z\"><\/path><\/svg><\/span><span class=\"uagb-icon-list__label\">Nous effectuons ne premi\u00e8re qualification des demandes entrantes, puis nous vous les transmettons pour traitement ult\u00e9rieur, ou nous assurons nous-m\u00eames le suivi de ces leads g\u00e9n\u00e9r\u00e9es et les g\u00e9rons pour vous.<\/span><\/div>\n<\/div><\/div>\n\n\n\n<h2 class=\"wp-block-heading\">Le r\u00e9sultat pour vous sera :<\/h2>\n\n\n\n<div class=\"wp-block-uagb-icon-list uagb-block-77ed0563\"><div class=\"uagb-icon-list__wrap\">\n<div class=\"wp-block-uagb-icon-list-child uagb-block-64582898\"><span class=\"uagb-icon-list__source-wrap\"><svg xmlns=\"https:\/\/www.w3.org\/2000\/svg\" viewbox=\"0 0 512 512\"><path d=\"M256 0C114.6 0 0 114.6 0 256c0 141.4 114.6 256 256 256s256-114.6 256-256C512 114.6 397.4 0 256 0zM406.6 278.6l-103.1 103.1c-12.5 12.5-32.75 12.5-45.25 0s-12.5-32.75 0-45.25L306.8 288H128C110.3 288 96 273.7 96 256s14.31-32 32-32h178.8l-49.38-49.38c-12.5-12.5-12.5-32.75 0-45.25s32.75-12.5 45.25 0l103.1 103.1C414.6 241.3 416 251.1 416 256C416 260.9 414.6 270.7 406.6 278.6z\"><\/path><\/svg><\/span><span class=\"uagb-icon-list__label\">un site web allemand qui n&rsquo;est pas seulement \u00ab\u00a0traduit\u00a0\u00bb, mais qui \u00ab\u00a0sonne\u00a0\u00bb \u00e9galement allemand<\/span><\/div>\n\n\n\n<div class=\"wp-block-uagb-icon-list-child uagb-block-5f2aa838\"><span class=\"uagb-icon-list__source-wrap\"><svg xmlns=\"https:\/\/www.w3.org\/2000\/svg\" viewbox=\"0 0 512 512\"><path d=\"M256 0C114.6 0 0 114.6 0 256c0 141.4 114.6 256 256 256s256-114.6 256-256C512 114.6 397.4 0 256 0zM406.6 278.6l-103.1 103.1c-12.5 12.5-32.75 12.5-45.25 0s-12.5-32.75 0-45.25L306.8 288H128C110.3 288 96 273.7 96 256s14.31-32 32-32h178.8l-49.38-49.38c-12.5-12.5-12.5-32.75 0-45.25s32.75-12.5 45.25 0l103.1 103.1C414.6 241.3 416 251.1 416 256C416 260.9 414.6 270.7 406.6 278.6z\"><\/path><\/svg><\/span><span class=\"uagb-icon-list__label\">un num\u00e9ro de t\u00e9l\u00e9phone allemand \u00ab\u00a0+49\u00a0\u00bb auquel votre entreprise peut \u00eatre jointe<\/span><\/div>\n\n\n\n<div class=\"wp-block-uagb-icon-list-child uagb-block-c6075e15\"><span class=\"uagb-icon-list__source-wrap\"><svg xmlns=\"https:\/\/www.w3.org\/2000\/svg\" viewbox=\"0 0 512 512\"><path d=\"M256 0C114.6 0 0 114.6 0 256c0 141.4 114.6 256 256 256s256-114.6 256-256C512 114.6 397.4 0 256 0zM406.6 278.6l-103.1 103.1c-12.5 12.5-32.75 12.5-45.25 0s-12.5-32.75 0-45.25L306.8 288H128C110.3 288 96 273.7 96 256s14.31-32 32-32h178.8l-49.38-49.38c-12.5-12.5-12.5-32.75 0-45.25s32.75-12.5 45.25 0l103.1 103.1C414.6 241.3 416 251.1 416 256C416 260.9 414.6 270.7 406.6 278.6z\"><\/path><\/svg><\/span><span class=\"uagb-icon-list__label\">une personne de contact allemande que vous pouvez nommer sur vos sites web et publications<\/span><\/div>\n\n\n\n<div class=\"wp-block-uagb-icon-list-child uagb-block-0375201e\"><span class=\"uagb-icon-list__source-wrap\"><svg xmlns=\"https:\/\/www.w3.org\/2000\/svg\" viewbox=\"0 0 512 512\"><path d=\"M256 0C114.6 0 0 114.6 0 256c0 141.4 114.6 256 256 256s256-114.6 256-256C512 114.6 397.4 0 256 0zM406.6 278.6l-103.1 103.1c-12.5 12.5-32.75 12.5-45.25 0s-12.5-32.75 0-45.25L306.8 288H128C110.3 288 96 273.7 96 256s14.31-32 32-32h178.8l-49.38-49.38c-12.5-12.5-12.5-32.75 0-45.25s32.75-12.5 45.25 0l103.1 103.1C414.6 241.3 416 251.1 416 256C416 260.9 414.6 270.7 406.6 278.6z\"><\/path><\/svg><\/span><span class=\"uagb-icon-list__label\">un service d&rsquo;astreinte t\u00e9l\u00e9phonique de langue allemande avec des comp\u00e9tences en mati\u00e8re de vente, qui peut prendre et qualifier les appels entrants pour vous<\/span><\/div>\n<\/div><\/div>\n\n\n\n<h2 class=\"wp-block-heading\">Vos avantages imm\u00e9diats :<\/h2>\n\n\n\n<div class=\"wp-block-uagb-icon-list uagb-block-bd1397fb\"><div class=\"uagb-icon-list__wrap\">\n<div class=\"wp-block-uagb-icon-list-child uagb-block-d324701f\"><span class=\"uagb-icon-list__source-wrap\"><svg xmlns=\"https:\/\/www.w3.org\/2000\/svg\" viewbox=\"0 0 512 512\"><path d=\"M256 0C114.6 0 0 114.6 0 256c0 141.4 114.6 256 256 256s256-114.6 256-256C512 114.6 397.4 0 256 0zM406.6 278.6l-103.1 103.1c-12.5 12.5-32.75 12.5-45.25 0s-12.5-32.75 0-45.25L306.8 288H128C110.3 288 96 273.7 96 256s14.31-32 32-32h178.8l-49.38-49.38c-12.5-12.5-12.5-32.75 0-45.25s32.75-12.5 45.25 0l103.1 103.1C414.6 241.3 416 251.1 416 256C416 260.9 414.6 270.7 406.6 278.6z\"><\/path><\/svg><\/span><span class=\"uagb-icon-list__label\">Repr\u00e9sentation imm\u00e9diate en Allemagne pour vous.<\/span><\/div>\n\n\n\n<div class=\"wp-block-uagb-icon-list-child uagb-block-1eb91309\"><span class=\"uagb-icon-list__source-wrap\"><svg xmlns=\"https:\/\/www.w3.org\/2000\/svg\" viewbox=\"0 0 512 512\"><path d=\"M256 0C114.6 0 0 114.6 0 256c0 141.4 114.6 256 256 256s256-114.6 256-256C512 114.6 397.4 0 256 0zM406.6 278.6l-103.1 103.1c-12.5 12.5-32.75 12.5-45.25 0s-12.5-32.75 0-45.25L306.8 288H128C110.3 288 96 273.7 96 256s14.31-32 32-32h178.8l-49.38-49.38c-12.5-12.5-12.5-32.75 0-45.25s32.75-12.5 45.25 0l103.1 103.1C414.6 241.3 416 251.1 416 256C416 260.9 414.6 270.7 406.6 278.6z\"><\/path><\/svg><\/span><span class=\"uagb-icon-list__label\">Plus d&rsquo;appels entrants probables de clients potentiels d&rsquo;Allemagne vers un num\u00e9ro de t\u00e9l\u00e9phone \u00ab\u00a0+49\u00a0\u00bb que vers un num\u00e9ro de l&rsquo;\u00e9tranger.<\/span><\/div>\n\n\n\n<div class=\"wp-block-uagb-icon-list-child uagb-block-317319c3\"><span class=\"uagb-icon-list__source-wrap\"><svg xmlns=\"https:\/\/www.w3.org\/2000\/svg\" viewbox=\"0 0 512 512\"><path d=\"M256 0C114.6 0 0 114.6 0 256c0 141.4 114.6 256 256 256s256-114.6 256-256C512 114.6 397.4 0 256 0zM406.6 278.6l-103.1 103.1c-12.5 12.5-32.75 12.5-45.25 0s-12.5-32.75 0-45.25L306.8 288H128C110.3 288 96 273.7 96 256s14.31-32 32-32h178.8l-49.38-49.38c-12.5-12.5-12.5-32.75 0-45.25s32.75-12.5 45.25 0l103.1 103.1C414.6 241.3 416 251.1 416 256C416 260.9 414.6 270.7 406.6 278.6z\"><\/path><\/svg><\/span><span class=\"uagb-icon-list__label\">Augmentation de la confiance, de la commodit\u00e9 pour le client et de la probabilit\u00e9 de conclure une affaire gr\u00e2ce \u00e0 une communication et \u00e0 une assistance en langue allemande.<\/span><\/div>\n\n\n\n<div class=\"wp-block-uagb-icon-list-child uagb-block-0dfa3062\"><span class=\"uagb-icon-list__source-wrap\"><svg xmlns=\"https:\/\/www.w3.org\/2000\/svg\" viewbox=\"0 0 512 512\"><path d=\"M256 0C114.6 0 0 114.6 0 256c0 141.4 114.6 256 256 256s256-114.6 256-256C512 114.6 397.4 0 256 0zM406.6 278.6l-103.1 103.1c-12.5 12.5-32.75 12.5-45.25 0s-12.5-32.75 0-45.25L306.8 288H128C110.3 288 96 273.7 96 256s14.31-32 32-32h178.8l-49.38-49.38c-12.5-12.5-12.5-32.75 0-45.25s32.75-12.5 45.25 0l103.1 103.1C414.6 241.3 416 251.1 416 256C416 260.9 414.6 270.7 406.6 278.6z\"><\/path><\/svg><\/span><span class=\"uagb-icon-list__label\">Premiers exigences et commentaires du march\u00e9 allemand, que nous recevons et recueillons pour vous dans le cadre de notre communication avec les acteurs du march\u00e9.<\/span><\/div>\n\n\n\n<div class=\"wp-block-uagb-icon-list-child uagb-block-87223c10\"><span class=\"uagb-icon-list__source-wrap\"><svg xmlns=\"https:\/\/www.w3.org\/2000\/svg\" viewbox=\"0 0 512 512\"><path d=\"M256 0C114.6 0 0 114.6 0 256c0 141.4 114.6 256 256 256s256-114.6 256-256C512 114.6 397.4 0 256 0zM406.6 278.6l-103.1 103.1c-12.5 12.5-32.75 12.5-45.25 0s-12.5-32.75 0-45.25L306.8 288H128C110.3 288 96 273.7 96 256s14.31-32 32-32h178.8l-49.38-49.38c-12.5-12.5-12.5-32.75 0-45.25s32.75-12.5 45.25 0l103.1 103.1C414.6 241.3 416 251.1 416 256C416 260.9 414.6 270.7 406.6 278.6z\"><\/path><\/svg><\/span><span class=\"uagb-icon-list__label\">Possibilit\u00e9 de demandes et d&rsquo;opportunit\u00e9s de vente de grande valeur, m\u00eame \u00e0 ce stade pr\u00e9coce de votre entr\u00e9e sur le march\u00e9.<\/span><\/div>\n<\/div><\/div>\n\n\n\n<h2 class=\"wp-block-heading\">Vos autres possibilit\u00e9s avec nous :<\/h2>\n\n\n\n<div class=\"wp-block-uagb-icon-list uagb-block-e7569d61\"><div class=\"uagb-icon-list__wrap\">\n<div class=\"wp-block-uagb-icon-list-child uagb-block-54c51e02\"><span class=\"uagb-icon-list__source-wrap\"><svg xmlns=\"https:\/\/www.w3.org\/2000\/svg\" viewbox=\"0 0 512 512\"><path d=\"M256 0C114.6 0 0 114.6 0 256c0 141.4 114.6 256 256 256s256-114.6 256-256C512 114.6 397.4 0 256 0zM406.6 278.6l-103.1 103.1c-12.5 12.5-32.75 12.5-45.25 0s-12.5-32.75 0-45.25L306.8 288H128C110.3 288 96 273.7 96 256s14.31-32 32-32h178.8l-49.38-49.38c-12.5-12.5-12.5-32.75 0-45.25s32.75-12.5 45.25 0l103.1 103.1C414.6 241.3 416 251.1 416 256C416 260.9 414.6 270.7 406.6 278.6z\"><\/path><\/svg><\/span><span class=\"uagb-icon-list__label\">Optimisation pour des moteurs de recherche (SEO) de votre site web allemand, afin d&rsquo;augmenter le nombre de visiteurs sur votre site web allemand.<\/span><\/div>\n\n\n\n<div class=\"wp-block-uagb-icon-list-child uagb-block-8ca25bde\"><span class=\"uagb-icon-list__source-wrap\"><svg xmlns=\"https:\/\/www.w3.org\/2000\/svg\" viewbox=\"0 0 512 512\"><path d=\"M256 0C114.6 0 0 114.6 0 256c0 141.4 114.6 256 256 256s256-114.6 256-256C512 114.6 397.4 0 256 0zM406.6 278.6l-103.1 103.1c-12.5 12.5-32.75 12.5-45.25 0s-12.5-32.75 0-45.25L306.8 288H128C110.3 288 96 273.7 96 256s14.31-32 32-32h178.8l-49.38-49.38c-12.5-12.5-12.5-32.75 0-45.25s32.75-12.5 45.25 0l103.1 103.1C414.6 241.3 416 251.1 416 256C416 260.9 414.6 270.7 406.6 278.6z\"><\/path><\/svg><\/span><span class=\"uagb-icon-list__label\">Publicit\u00e9 sur les moteurs de recherche (SEA) en allemand, pour une g\u00e9n\u00e9ration imm\u00e9diate de trafic vers votre nouvelle pr\u00e9sence allemande sur le web.<\/span><\/div>\n\n\n\n<div class=\"wp-block-uagb-icon-list-child uagb-block-75116964\"><span class=\"uagb-icon-list__source-wrap\"><svg xmlns=\"https:\/\/www.w3.org\/2000\/svg\" viewbox=\"0 0 512 512\"><path d=\"M256 0C114.6 0 0 114.6 0 256c0 141.4 114.6 256 256 256s256-114.6 256-256C512 114.6 397.4 0 256 0zM406.6 278.6l-103.1 103.1c-12.5 12.5-32.75 12.5-45.25 0s-12.5-32.75 0-45.25L306.8 288H128C110.3 288 96 273.7 96 256s14.31-32 32-32h178.8l-49.38-49.38c-12.5-12.5-12.5-32.75 0-45.25s32.75-12.5 45.25 0l103.1 103.1C414.6 241.3 416 251.1 416 256C416 260.9 414.6 270.7 406.6 278.6z\"><\/path><\/svg><\/span><span class=\"uagb-icon-list__label\">Social Media package I : Interaction en allemand sur vos canaux de m\u00e9dias sociaux<\/span><\/div>\n\n\n\n<div class=\"wp-block-uagb-icon-list-child uagb-block-b61cdaab\"><span class=\"uagb-icon-list__source-wrap\"><svg xmlns=\"https:\/\/www.w3.org\/2000\/svg\" viewbox=\"0 0 512 512\"><path d=\"M256 0C114.6 0 0 114.6 0 256c0 141.4 114.6 256 256 256s256-114.6 256-256C512 114.6 397.4 0 256 0zM406.6 278.6l-103.1 103.1c-12.5 12.5-32.75 12.5-45.25 0s-12.5-32.75 0-45.25L306.8 288H128C110.3 288 96 273.7 96 256s14.31-32 32-32h178.8l-49.38-49.38c-12.5-12.5-12.5-32.75 0-45.25s32.75-12.5 45.25 0l103.1 103.1C414.6 241.3 416 251.1 416 256C416 260.9 414.6 270.7 406.6 278.6z\"><\/path><\/svg><\/span><span class=\"uagb-icon-list__label\">Campagnes de publipostage en Allemagne<\/span><\/div>\n\n\n\n<div class=\"wp-block-uagb-icon-list-child uagb-block-cc77b920\"><span class=\"uagb-icon-list__source-wrap\"><svg xmlns=\"https:\/\/www.w3.org\/2000\/svg\" viewbox=\"0 0 512 512\"><path d=\"M256 0C114.6 0 0 114.6 0 256c0 141.4 114.6 256 256 256s256-114.6 256-256C512 114.6 397.4 0 256 0zM406.6 278.6l-103.1 103.1c-12.5 12.5-32.75 12.5-45.25 0s-12.5-32.75 0-45.25L306.8 288H128C110.3 288 96 273.7 96 256s14.31-32 32-32h178.8l-49.38-49.38c-12.5-12.5-12.5-32.75 0-45.25s32.75-12.5 45.25 0l103.1 103.1C414.6 241.3 416 251.1 416 256C416 260.9 414.6 270.7 406.6 278.6z\"><\/path><\/svg><\/span><span class=\"uagb-icon-list__label\">Visites personnelles \u00e0 des salons professionnels au nom de votre entreprise afin d&rsquo;\u00e9tablir des contacts et de g\u00e9n\u00e9rer des pistes commerciales.<\/span><\/div>\n<\/div><\/div>\n<\/div><\/div>\n\n<div class=\"wp-block-uagb-container uagb-block-f3b5d626 alignfull uagb-is-root-container\"><div class=\"uagb-container-inner-blocks-wrap\">\n<div class=\"wp-block-uagb-container uagb-block-0832b71a\">\n<div class=\"wp-block-uagb-container uagb-block-a61307ae\">\n<div class=\"wp-block-uagb-info-box uagb-block-674fb749 uagb-infobox__content-wrap  uagb-infobox-icon-above-title uagb-infobox-image-valign-top\"><div class=\"uagb-ifb-content\"><div class=\"uagb-ifb-title-wrap\"><h2 class=\"uagb-ifb-title\">Vous souhaitez en savoir plus sur notre bureau de repr\u00e9sentation commerciale en Allemagne ?<\/h2><\/div><p class=\"uagb-ifb-desc\">Appelez-nous ou envoyez-nous un courriel et nous nous ferons un plaisir de r\u00e9pondre \u00e0 toutes vos questions.<br\/>Profitez de cette opportunit\u00e9 unique et contactez-nous d\u00e8s maintenant !<br\/><br\/>Votre personne de contact est <strong>Alexander Fischer<\/strong>.<br\/><br\/>T\u00e9l\u00e9phone : +49-8442-9231500 <strong>+49-8442-9231500<\/strong> | Email : <a href=\"mailto:info@foreign-markets.eu\">\n  <strong>info@foreign-markets.eu<\/strong>\n<\/a><\/p><div class=\"uagb-ifb-button-wrapper wp-block-button\"><a href=\"\/fr\/#contact\" class=\"uagb-infobox-cta-link wp-block-button__link\" target=\"_self\" rel=\"noopener noreferrer\" onclick=\"return true;\" alt=\"\"><span class=\"uagb-inline-editing\">Commencez d\u00e8s aujourd&rsquo;hui<\/span><\/a><\/div><\/div><\/div>\n<\/div>\n<\/div>\n<\/div><\/div>\n","protected":false},"excerpt":{"rendered":"<p>Fondation I : Votre bureau sur place en Allemagne Posez la premi\u00e8re pierre de votre entr\u00e9e sur le march\u00e9 allemand avec un bureau de repr\u00e9sentance imm\u00e9diate ! Vous souhaitez disposer d&rsquo;une pr\u00e9sence quasi imm\u00e9diate en Allemagne ? Vous \u00eates au bon endroit. Nous sommes l&rsquo;\u00e9quipe de votre bureau allemand qui vous offre un point de [&hellip;]<\/p>\n","protected":false},"author":2,"featured_media":0,"parent":2782,"menu_order":120,"comment_status":"closed","ping_status":"closed","template":"","meta":{"_seopress_robots_primary_cat":"","_seopress_titles_title":"Fondation I - Votre bureau sur place en Allemagne","_seopress_titles_desc":"B\u00e9n\u00e9ficiez d'une pr\u00e9sence imm\u00e9diate en Allemagne gr\u00e2ce \u00e0 notre service de bureau professionnelle et flexible. Contactez-nous d\u00e8s aujourd'hui et commencez votre entr\u00e9e sur le march\u00e9 en toute confiance.","_seopress_robots_index":"","_uag_custom_page_level_css":"","footnotes":""},"class_list":["post-3613","page","type-page","status-publish","hentry"],"blocksy_meta":[],"uagb_featured_image_src":{"full":false,"thumbnail":false,"medium":false,"medium_large":false,"large":false,"1536x1536":false,"2048x2048":false},"uagb_author_info":{"display_name":"SRC00","author_link":"https:\/\/foreign-markets.eu\/fr\/author\/src00\/"},"uagb_comment_info":0,"uagb_excerpt":"Fondation I : Votre bureau sur place en Allemagne Posez la premi\u00e8re pierre de votre entr\u00e9e sur le march\u00e9 allemand avec un bureau de repr\u00e9sentance imm\u00e9diate ! Vous souhaitez disposer d&rsquo;une pr\u00e9sence quasi imm\u00e9diate en Allemagne ? Vous \u00eates au bon endroit. Nous sommes l&rsquo;\u00e9quipe de votre bureau allemand qui vous offre un point de\u2026","_links":{"self":[{"href":"https:\/\/foreign-markets.eu\/fr\/wp-json\/wp\/v2\/pages\/3613","targetHints":{"allow":["GET"]}}],"collection":[{"href":"https:\/\/foreign-markets.eu\/fr\/wp-json\/wp\/v2\/pages"}],"about":[{"href":"https:\/\/foreign-markets.eu\/fr\/wp-json\/wp\/v2\/types\/page"}],"author":[{"embeddable":true,"href":"https:\/\/foreign-markets.eu\/fr\/wp-json\/wp\/v2\/users\/2"}],"replies":[{"embeddable":true,"href":"https:\/\/foreign-markets.eu\/fr\/wp-json\/wp\/v2\/comments?post=3613"}],"version-history":[{"count":1,"href":"https:\/\/foreign-markets.eu\/fr\/wp-json\/wp\/v2\/pages\/3613\/revisions"}],"predecessor-version":[{"id":3615,"href":"https:\/\/foreign-markets.eu\/fr\/wp-json\/wp\/v2\/pages\/3613\/revisions\/3615"}],"up":[{"embeddable":true,"href":"https:\/\/foreign-markets.eu\/fr\/wp-json\/wp\/v2\/pages\/2782"}],"wp:attachment":[{"href":"https:\/\/foreign-markets.eu\/fr\/wp-json\/wp\/v2\/media?parent=3613"}],"curies":[{"name":"wp","href":"https:\/\/api.w.org\/{rel}","templated":true}]}}